      
            
      {"id":976,"date":"2012-09-18T12:42:18","date_gmt":"2012-09-18T11:42:18","guid":{"rendered":"http:\/\/www.mykessel.com\/blog\/?page_id=976"},"modified":"2013-06-01T17:01:54","modified_gmt":"2013-06-01T16:01:54","slug":"supportive-leadership","status":"publish","type":"page","link":"https:\/\/www.mykessel.com\/blog\/?page_id=976","title":{"rendered":"Supportive Leadership"},"content":{"rendered":"<h2><span style=\"color: #800000;\"><strong>Einf\u00fchrungs<span style=\"color: #000080;\">seminar<\/span>\u201eSupportive Leadership\u201c<br \/>\n<\/strong><\/span><strong>&#8222;<em><span style=\"color: #333399;\">Wie Sie jedes Team auf H\u00f6chstform bringen<\/span>&#8222;<\/em><\/strong><\/h2>\n<h3><span style=\"color: #000000;\"><strong><span style=\"color: #800000;\">IHR INVESTITION: \u20ac 199,&#8211;P.P.<\/span><\/strong><\/span><\/h3>\n<p><em>Supportive Leadership<\/em> hei\u00dft das neue F\u00fchrungskonzept das F\u00fchrungskr\u00e4fte (Leader) ermutigt, ihre Mitarbeiter f\u00fcr gemeinsame Ziele zu begeistern und sich mit all ihren F\u00e4higkeiten f\u00fcr die Weiterentwicklung ihres Unternehmens einzusetzen. Diese Kombination aus hoher Leistungsbereitschaft und Schaffensfreude aller Beteiligten erzeugt eine Hochleistungsorganisation, die jedem Mitarbeiter das Gef\u00fchl vermittelt, dass es auf ihn ankommt, dass er gebraucht wird und er in seiner pers\u00f6nlichen Weiterentwicklung gest\u00e4rkt wird.<\/p>\n<p>Zu sch\u00f6n, um wahr zu sein? Nicht m\u00f6glich? Ein Traum?<\/p>\n<p>Nein. \u00dcberhaupt nicht. Wir sehen jeden Tag, dass dies m\u00f6glich ist. In der Natur, im Sport und bei einigen sehr erfolgreichen Unternehmen.<\/p>\n<p>Das Konzept des \u201eSupportive Leadership\u201c beruht auf den Forschungen von dem bekannten deutschen Hirnforscher Prof. Dr. Gerald H\u00fcther (Experte auf dem Gebiet der neurobiologischen Grundlagenforschung).<\/p>\n<table width=\"100%\" cellspacing=\"0\" cellpadding=\"0\">\n<tbody>\n<tr>\n<td>\n<div><span style=\"color: #3366ff;\"><em>\u201eDie Probleme, die es in der Welt gibt, k\u00f6nnen nicht mit der gleichen Denkweise gel\u00f6st werden, die sie verursacht\u00a0haben.\u201c<\/em><\/span>\u00a0\u00a0Albert Einstein<\/div>\n<\/td>\n<\/tr>\n<\/tbody>\n<\/table>\n<p>Das F\u00fchrungskonzept ist leicht umsetzbar und garantiert erfolgreich. Die Voraussetzung ist ein <strong>Umdenk- und Handlungsprozess<\/strong>. Und dieser ist erlernbar.<\/p>\n<p><span style=\"color: #800000;\"><strong>F\u00dcR WEN?<\/strong><\/span><\/p>\n<p>In diesem Seminar richten wir uns an F\u00fchrungskr\u00e4fte, die eine <strong>Potenzialentfaltung<\/strong> in ihrer Mannschaft initiieren wollen: Heimleiter, Verwaltungsleiter, K\u00fcchenleiter, Betriebsleiter, Bereichsleiter, Hoteldirektoren, F&amp;B Manager. Kurz: Jeder, der ein Team leitet, kann davon profitieren.<\/p>\n<p><span style=\"color: #800000;\"><strong>WARUM?<\/strong><\/span><\/p>\n<p>Sei es in der Politik, Wirtschaft, Schule oder im Privatleben, \u00fcberall scheint es derzeit schief zu laufen. Dabei sollte es doch l\u00e4ngst besser werden! Es wird Zeit, dass wir einiges \u00e4ndern. Es wird Zeit, dass wir die bestehenden Strukturen und Regeln in Frage stellen. Es wird Zeit, dass wir die Mitarbeiter nicht als Ressource oder Kapitalanlage, sondern als Menschen sehen und behandeln.<\/p>\n<p>Fangen wir also bei den F\u00fchrungskr\u00e4ften an. Das Konzept des \u201eSupportive Leadership\u201c ist relativ neu, wird aber intuitiv bei vielen erfolgreichen Teams schon l\u00e4ngst eingesetzt.<\/p>\n<p>Obwohl der Ausdruck neu ist, beruht dieses Konzept auf zwei uralten Bed\u00fcrfnissen:<\/p>\n<ol start=\"1\">\n<li><strong>den\u00a0Bindungsbed\u00fcrfnis<\/strong> &#8211;\u00a0die Sehnsucht nach Verbundenheit bzw. der Wunsch, dazu zu geh\u00f6ren und<\/li>\n<li><strong>dem\u00a0Wachstumsbed\u00fcrfnis<\/strong> &#8211;\u00a0der Wille nach Wachstum bzw. der Wunsch, immer wieder \u00fcber uns hinaus zu\u00a0wachsen<\/li>\n<\/ol>\n<p>Dadurch, dass der Leader einl\u00e4dt, ermutigt und im besten Fall inspiriert, erreicht er automatisch durch wertsch\u00e4tzendes und anerkennendes Verhalten, dass mindestens eines dieser Bed\u00fcrfnisse angesprochen wird. Bei Menschen, die sich abweisend zeigen, sind diese Grundbed\u00fcrfnisse verletzt. Sie f\u00fchlen sich unverstanden, \u00fcberfordert oder sehen keine Entwicklungsm\u00f6glichkeiten f\u00fcr sich. Bei diesen Menschen muss zuerst wieder Vertrauen aufgebaut werden, so dass er sich wieder dazu geh\u00f6rig f\u00fchlt und Chancen f\u00fcr sich sieht. Und das braucht seine Zeit. Wie, das lernen Sie in diesem Seminar.<\/p>\n<p>\u201cSupportive Leadership\u201d erfordert nicht nur vom Gef\u00fchrten, sondern gerade auch vom Leader ein hohes Ma\u00df an Selbstreflexion, Bereitschaft neue Wege zu gehen und letztendlich auch Durchhaltekraft.<\/p>\n<p><span style=\"color: #800000;\"><strong>SIE LERNEN<\/strong><\/span><\/p>\n<ul>\n<li>Wie Sie eine neue Betriebskultur schaffen<\/li>\n<li>Wie Sie Ihre Mitarbeiter begeistern k\u00f6nnen<\/li>\n<li>Wie Sie Ihren Erfolg messen k\u00f6nnen<\/li>\n<li>Wie Sie gl\u00fccklich und zufrieden f\u00fchren k\u00f6nnen<\/li>\n<li>Wie Sie etwas nachhaltig ver\u00e4ndern k\u00f6nnen<\/li>\n<\/ul>\n<table width=\"100%\" cellspacing=\"0\" cellpadding=\"0\">\n<tbody>\n<tr>\n<td><span style=\"color: #0000ff;\"><em>\u201eSupportive Leadership ist ein Weg um\u00a0Betroffene wieder zu Beteiligten zu machen. Abgesehen von der gro\u00dfen Zufriedenheit, die die Wertsch\u00e4tzung im Arbeitsprozess mit sich bringt,\u00a0f\u00fchrt Supportive Leadership zu hoher Prozessqualit\u00e4t, nachhaltig guten\u00a0Produkten und Dienstleistungen, sowie wirtschaftlichem Erfolg.\u201c<\/em> <\/span>Dr. Gerald H\u00fcther<\/td>\n<\/tr>\n<\/tbody>\n<\/table>\n<p><strong><br clear=\"all\" \/><\/strong><span style=\"color: #800000;\"><strong>THEMEN\u00dcBERSICHT<\/strong><\/span><\/p>\n<ul>\n<li>\u00a0\u00a0\u00a0\u00a0\u00a0 Das menschliche Hirn<\/li>\n<li>\u00a0\u00a0\u00a0\u00a0\u00a0 Wer sind wir? Wohin wollen wir? Und was ist schief gelaufen?<\/li>\n<li>\u00a0\u00a0\u00a0\u00a0\u00a0 Die drei Archetypen der modernen Zeit<\/li>\n<li>\u00a0\u00a0\u00a0\u00a0\u00a0 Burnout, Boreout, Mobbing und andere Zivilisationskrankheiten<\/li>\n<li>\u00a0\u00a0\u00a0\u00a0\u00a0 Die Erkenntnis als erster Schritt<\/li>\n<li>\u00a0\u00a0\u00a0\u00a0\u00a0 Die Schaffung einer \u201eSL\u201c Kultur<\/li>\n<li>\u00a0\u00a0\u00a0\u00a0\u00a0 Gung Ho! Wie Sie jedes Team auf H\u00f6chstform bringen<\/li>\n<li>\u00a0\u00a0\u00a0\u00a0\u00a0 Von sinn<em>los<\/em> zu sinn<em>voll<\/em><\/li>\n<li>\u00a0\u00a0\u00a0\u00a0\u00a0 Der Aufnahmeprozess bei neuen Mitarbeitern<\/li>\n<li>\u00a0\u00a0\u00a0\u00a0\u00a0 Das Mitarbeitergespr\u00e4ch \u201eNeu\u201c<\/li>\n<li>\u00a0\u00a0\u00a0\u00a0\u00a0 Umgang mit \u201eschwierigen\u201c Mitarbeitern<\/li>\n<li>\u00a0\u00a0\u00a0\u00a0\u00a0 Mentoring und Coaching<\/li>\n<li>\u00a0\u00a0\u00a0\u00a0\u00a0 Einladen, ermutigen, inspirieren<\/li>\n<li>\u00a0\u00a0\u00a0\u00a0\u00a0 Begeisterung ist D\u00fcnger f\u00fcr das Hirn<\/li>\n<li>\u00a0\u00a0\u00a0\u00a0\u00a0 Der WOW-Faktor<\/li>\n<li>\u00a0\u00a0\u00a0\u00a0\u00a0 Ver\u00e4nderung, Verantwortung, Vertrauen<\/li>\n<li>\u00a0\u00a0\u00a0\u00a0\u00a0 Die 7 Schritte zur einer neuen Kultur (Geist) mit \u00a0\u201eSupportive Leadership\u201c<\/li>\n<\/ul>\n<p><a href=\"http:\/\/www.mykessel.com\/blog\/wp-content\/uploads\/2012\/09\/peterpass_kl.jpg\"><img loading=\"lazy\" decoding=\"async\" class=\"alignleft size-full wp-image-977\" title=\"peterpass_kl\" alt=\"\" src=\"http:\/\/www.mykessel.com\/blog\/wp-content\/uploads\/2012\/09\/peterpass_kl.jpg\" width=\"135\" height=\"200\" \/><\/a>\u00a0<strong><span style=\"color: #800000;\">Ihr Trainer<\/span> &#8211; Peter van Melle<\/strong><\/p>\n<p>Es gibt Momente, bei denen es im Hirn \u201eklick\u201c macht. Bei denen alles was man gelernt, gelesen, erlebt und getan hat, auf einmal einen Sinn ergibt. Genau das ist mir passiert, als ich auf das Konzept \u201eSupportive Leadership\u201c stie\u00df. Was ich als K\u00fcchenchef, Manager und sp\u00e4ter als Berater intuitiv gelebt und umgesetzt habe, ist in \u00dcbereinstimmung mit den Gesetzen der Neurobiologie geschehen. Aber auch meine Ausbildung zum NLP- Practitioner war eine gute Vorbereitung, um Management und Mitarbeiter erfolgreich zu coachen und zu begeistern. Das ganze gesammelte Knowhow aus den letzten 35 Jahren habe ich analysiert und aussortiert. \u00dcbriggeblieben sind die effektivsten und erfolgreichsten F\u00fchrungsinstrumente. Das \u201eSupportive Leadership\u201c Prinzip beinhaltet all diese Instrumente zur Verwirklichung <span style=\"text-decoration: underline;\">der<\/span> Vision: Gl\u00fcckliche Manager, gl\u00fcckliche Mitarbeiter und erfolgreiche Unternehmen.<\/p>\n<p><span style=\"color: #800000;\"><strong>ACHTUNG!:<\/strong> <\/span>Um einen Vorgeschmack zu bekommen, was &#8222;Supportive Leadership&#8220; hei\u00dft, k\u00f6nnen Sie die <span style=\"color: #800000;\"><strong>7 Schritte zu einer neuen Kultur\u00a0<\/strong><\/span>als <strong>PDF-Datei <span style=\"text-decoration: underline;\"><span style=\"color: #800000; text-decoration: underline;\">gratis<\/span><\/span><\/strong> herunterladen. Daf\u00fcr ist es ausreichend, <strong>rechts oben Ihren Namen und Emailadresse<\/strong> einzutragen und Sie bekommen\u00a0einen ersten Einblick vom neuen F\u00fchrungskonzept.<\/p>\n<p>PS.: Auch als \u201cIm Haus-Seminar\u201d buchbar.<\/p>\n<p>&nbsp;<\/p>\n<p><script type=\"text\/javascript\">\/\/ <![CDATA[\n\n\n  var _gaq = _gaq || [];\n  _gaq.push(['_setAccount', 'UA-36046944-1']);\n  _gaq.push(['_trackPageview']);\n\n  (function() {\n    var ga = document.createElement('script'); ga.type = 'text\/javascript'; ga.async = true;\n    ga.src = ('https:' == document.location.protocol ? 'https:\/\/ssl' : 'http:\/\/www') + '.google-analytics.com\/ga.js';\n    var s = document.getElementsByTagName('script')[0]; s.parentNode.insertBefore(ga, s);\n  })();\n\n\/\/ ]]><\/script><\/p>\n","protected":false},"excerpt":{"rendered":"<p>Einf\u00fchrungsseminar\u201eSupportive Leadership\u201c &#8222;Wie Sie jedes Team auf H\u00f6chstform bringen&#8222; IHR INVESTITION: \u20ac 199,&#8211;P.P. Supportive Leadership hei\u00dft das neue F\u00fchrungskonzept das F\u00fchrungskr\u00e4fte (Leader) ermutigt, ihre Mitarbeiter f\u00fcr gemeinsame Ziele zu begeistern und sich mit all ihren F\u00e4higkeiten f\u00fcr die Weiterentwicklung ihres &hellip; <a href=\"https:\/\/www.mykessel.com\/blog\/?page_id=976\">Weiterlesen <span class=\"meta-nav\">&rarr;<\/span><\/a><\/p>\n","protected":false},"author":54,"featured_media":0,"parent":130,"menu_order":1,"comment_status":"open","ping_status":"closed","template":"","meta":{"footnotes":""},"_links":{"self":[{"href":"https:\/\/www.mykessel.com\/blog\/index.php?rest_route=\/wp\/v2\/pages\/976"}],"collection":[{"href":"https:\/\/www.mykessel.com\/blog\/index.php?rest_route=\/wp\/v2\/pages"}],"about":[{"href":"https:\/\/www.mykessel.com\/blog\/index.php?rest_route=\/wp\/v2\/types\/page"}],"author":[{"embeddable":true,"href":"https:\/\/www.mykessel.com\/blog\/index.php?rest_route=\/wp\/v2\/users\/54"}],"replies":[{"embeddable":true,"href":"https:\/\/www.mykessel.com\/blog\/index.php?rest_route=%2Fwp%2Fv2%2Fcomments&post=976"}],"version-history":[{"count":31,"href":"https:\/\/www.mykessel.com\/blog\/index.php?rest_route=\/wp\/v2\/pages\/976\/revisions"}],"predecessor-version":[{"id":1668,"href":"https:\/\/www.mykessel.com\/blog\/index.php?rest_route=\/wp\/v2\/pages\/976\/revisions\/1668"}],"up":[{"embeddable":true,"href":"https:\/\/www.mykessel.com\/blog\/index.php?rest_route=\/wp\/v2\/pages\/130"}],"wp:attachment":[{"href":"https:\/\/www.mykessel.com\/blog\/index.php?rest_route=%2Fwp%2Fv2%2Fmedia&parent=976"}],"curies":[{"name":"wp","href":"https:\/\/api.w.org\/{rel}","templated":true}]}}