      
            
      {"id":800,"date":"2012-08-25T14:26:22","date_gmt":"2012-08-25T13:26:22","guid":{"rendered":"http:\/\/www.mykessel.com\/blog\/?page_id=800"},"modified":"2018-09-22T17:44:42","modified_gmt":"2018-09-22T16:44:42","slug":"mm-zertifizierung","status":"publish","type":"page","link":"https:\/\/www.mykessel.com\/blog\/?page_id=800","title":{"rendered":"die Zertifizierung"},"content":{"rendered":"<p><a href=\"http:\/\/www.mykessel.com\/blog\/wp-content\/uploads\/2012\/08\/kessel_zertifikat_2012_42.jpg\"><img loading=\"lazy\" decoding=\"async\" class=\"alignleft  wp-image-850\" title=\"kessel_zertifikat_2012_4\" alt=\"\" src=\"http:\/\/www.mykessel.com\/blog\/wp-content\/uploads\/2012\/08\/kessel_zertifikat_2012_42-212x300.jpg\" width=\"148\" height=\"182\" \/><\/a>Mit der Software <strong>MyKessel\u00ae <\/strong><em><strong>3.0<\/strong><\/em> wurde vor kurzem das ganze System digitalisiert. Das hei\u00dft, jeder Kunde mit Zugangscode kann bequem online einsteigen und seinen Qualit\u00e4tsstandard bestimmen. Er tr\u00e4gt die K\u00fcchen-Kennzahlen ein und f\u00fcllt die <strong>Checklisten<\/strong> aus. Unter Ambitionen werden seinen Vision, Ziele, Schulungsma\u00dfnahme und Aktionen abgefragt. Auf die digitalen Pinnwand heftet er Fotos von den Team-Leistungen.<\/p>\n<p>Durch die Bekanntgabe aller Daten gestaltet sich die externe Kontrolle und Zertifizierung wesentlich leichter, weshalb wir die Zertifizierung erheblich g\u00fcnstiger anbieten k\u00f6nnen, als es der sonst markt\u00fcbliche Preis zul\u00e4sst.<\/p>\n<p>Dies sind die Schritte zur Zertifizierung:<\/p>\n<p><span style=\"color: #800000;\"><strong>Schritt 1: Ausf\u00fcllen des MyKessel<em>3.0 <\/em>Moduls<\/strong><\/span><\/p>\n<p>Den Zugangscode f\u00fcr die MyKessel<em>3.0<\/em> Online-Software bekommt der Betrieb, nach der schriftlichen Beauftragung, von uns zugeschickt. Obwohl das Programm sehr einfach zu bedienen ist und ein Handbuch zur Orientierung zur Verf\u00fcgung gestellt wird, steht der Auditor beim ersten Mal gerne telefonisch zur Verf\u00fcgung.<\/p>\n<p><span style=\"color: #800000;\"><strong>Schritt 2: Vorortbesuch im Betrieb<\/strong><\/span><\/p>\n<p>Beim Besuch im Betrieb analysiert und ber\u00e4t der Auditor die K\u00fcche. Dabei bespricht er alle Produktionsabl\u00e4ufe und die Speisenverteilung mit dem K\u00fcchenverantwortlichen. Gro\u00dfer Wert wird auf die Hygiene und die Einhaltung s\u00e4mtlicher HACCP Richtlinien gelegt. Um Unklarheiten zu vermeiden, werden alle angegebenen K\u00fcchenkennzahlen nochmals gemeinsam kontrolliert und dem Benchmark gegen\u00fcbergestellt. Auch die Checklisten (ca. 350 Fragen) werden gemeinsam mit der K\u00fcchenleitung besprochen. Die darauf folgende Erstellung des Qualit\u00e4tsberichts beruht auf diesen Erkenntnissen\u00a0und wird\u00a0f\u00fcr das Management und das K\u00fcchenteam verfasst.<\/p>\n<p><span style=\"color: #800000;\"><strong>Schritt 3: Pr\u00e4sentation des Zertifizierungsergebnisses f\u00fcr das K\u00fcchenteam<\/strong><\/span><\/p>\n<p>Der n\u00e4chste Schritt\u00a0 der <strong><\/strong> Zertifizierung ist der Pr\u00e4sentationstermin f\u00fcr die K\u00fcchenmannschaft, das sogenannte \u201eKurzseminar\u201c.<\/p>\n<p>Die Dauer daf\u00fcr bel\u00e4uft sich auf rund eineinhalb Stunden.\u00a0Dieses Kurzseminar ist enorm wichtig, um Akzeptanz und Verst\u00e4ndnis der K\u00fcchenmitarbeiter f\u00fcr die Zertifizierung zu erwirken sowie Ideen und Anregungen zu sammeln und zu besprechen. Am Schluss werden die Zertifizierungsurkunde und der Qualit\u00e4tsbericht \u00fcberreicht.<\/p>\n<p><span style=\"color: #800000;\"><strong>Schritt 4 (Optional): Offizielle \u00dcbergabe des Zertifikates und des Kessel-Qualit\u00e4tssiegels<\/strong><\/span><\/p>\n<p>Feste soll m<a href=\"http:\/\/www.mykessel.com\/blog\/wp-content\/uploads\/2012\/08\/kessel_Siegel5_blatt_D1.gif\"><img loading=\"lazy\" decoding=\"async\" class=\"alignleft  wp-image-854\" title=\"kessel_Siegel5_blatt_D\" alt=\"\" src=\"http:\/\/www.mykessel.com\/blog\/wp-content\/uploads\/2012\/08\/kessel_Siegel5_blatt_D1-300x266.gif\" width=\"148\" height=\"135\" \/><\/a>an feiern! Als Marketingma\u00dfnahme haben viele unserer Kunden eigene Zertifizierungsfeste veranstaltet, wo die Urkunde unter versammelte Presse nochmals \u00fcbergeben worden ist. Dieser Schritt dient der Motivation der K\u00fcchenmitarbeiter und ist das Marketinginstrument schlechthin. Bei der Gestaltung der \u00dcbergabe der Zertifizierungsurkunde und des Kessel-Qualit\u00e4tssiegel steht die Anerkennung f\u00fcr das K\u00fcchenteam im Mittelpunkt. Weiters kann durch die Einbindung von wichtigen Meinungsbildnern im Haus, Politik, Presse, Lieferanten und div. Medien positives Image f\u00fcr das gesamte Haus erzeugt werden.<\/p>\n<p>&nbsp;<\/p>\n<p><script type=\"text\/javascript\">\/\/ <![CDATA[\n\n\n  var _gaq = _gaq || [];\n  _gaq.push(['_setAccount', 'UA-36046944-1']);\n  _gaq.push(['_trackPageview']);\n\n  (function() {\n    var ga = document.createElement('script'); ga.type = 'text\/javascript'; ga.async = true;\n    ga.src = ('https:' == document.location.protocol ? 'https:\/\/ssl' : 'http:\/\/www') + '.google-analytics.com\/ga.js';\n    var s = document.getElementsByTagName('script')[0]; s.parentNode.insertBefore(ga, s);\n  })();\n\n\/\/ ]]><\/script><\/p>\n","protected":false},"excerpt":{"rendered":"<p>Mit der Software MyKessel\u00ae 3.0 wurde vor kurzem das ganze System digitalisiert. Das hei\u00dft, jeder Kunde mit Zugangscode kann bequem online einsteigen und seinen Qualit\u00e4tsstandard bestimmen. Er tr\u00e4gt die K\u00fcchen-Kennzahlen ein und f\u00fcllt die Checklisten aus. Unter Ambitionen werden seinen &hellip; <a href=\"https:\/\/www.mykessel.com\/blog\/?page_id=800\">Weiterlesen <span class=\"meta-nav\">&rarr;<\/span><\/a><\/p>\n","protected":false},"author":54,"featured_media":0,"parent":524,"menu_order":1,"comment_status":"closed","ping_status":"closed","template":"","meta":{"footnotes":""},"_links":{"self":[{"href":"https:\/\/www.mykessel.com\/blog\/index.php?rest_route=\/wp\/v2\/pages\/800"}],"collection":[{"href":"https:\/\/www.mykessel.com\/blog\/index.php?rest_route=\/wp\/v2\/pages"}],"about":[{"href":"https:\/\/www.mykessel.com\/blog\/index.php?rest_route=\/wp\/v2\/types\/page"}],"author":[{"embeddable":true,"href":"https:\/\/www.mykessel.com\/blog\/index.php?rest_route=\/wp\/v2\/users\/54"}],"replies":[{"embeddable":true,"href":"https:\/\/www.mykessel.com\/blog\/index.php?rest_route=%2Fwp%2Fv2%2Fcomments&post=800"}],"version-history":[{"count":17,"href":"https:\/\/www.mykessel.com\/blog\/index.php?rest_route=\/wp\/v2\/pages\/800\/revisions"}],"predecessor-version":[{"id":2782,"href":"https:\/\/www.mykessel.com\/blog\/index.php?rest_route=\/wp\/v2\/pages\/800\/revisions\/2782"}],"up":[{"embeddable":true,"href":"https:\/\/www.mykessel.com\/blog\/index.php?rest_route=\/wp\/v2\/pages\/524"}],"wp:attachment":[{"href":"https:\/\/www.mykessel.com\/blog\/index.php?rest_route=%2Fwp%2Fv2%2Fmedia&parent=800"}],"curies":[{"name":"wp","href":"https:\/\/api.w.org\/{rel}","templated":true}]}}