      
            
      {"id":744,"date":"2012-08-16T09:51:19","date_gmt":"2012-08-16T08:51:19","guid":{"rendered":"http:\/\/www.mykessel.com\/blog\/?page_id=744"},"modified":"2013-12-17T12:16:09","modified_gmt":"2013-12-17T11:16:09","slug":"restaurants","status":"publish","type":"page","link":"https:\/\/www.mykessel.com\/blog\/?page_id=744","title":{"rendered":"Restaurants"},"content":{"rendered":"<p>Neben der Gemeinschaftsverpflegung sind es die System-Gastronomie, Restaurants, Autobahnrastst\u00e4tten oder Hotelk\u00fcchen, die einen wesentlichen Einfluss auf die Ern\u00e4hrung der Bev\u00f6lkerung haben. Hauben und Sterne sagen nur etwas \u00fcber die Qualit\u00e4t aus, nicht \u00fcber die Zufriedenheit der Mitarbeiter, der Hygiene in der K\u00fcche oder dem Einkaufsverhalten. \u00a0Auch die Wirtschaftlichkeit wird bei diesen Bewertungen au\u00dfer Acht gelassen.<\/p>\n<p>Das <strong>M&amp;M System<\/strong> ist auch hier das erste ganzheitliche Bewertungssystem. Ein System, bei dem der Wirt und seine Mitarbeiter von Anfang an beteiligt sind. Keine Mystery Checks, sondern ein prozessgesteuertes Unterfangen zur Verbesserung der Qualit\u00e4t in allen Bereichen.<\/p>\n<p><strong><a title=\"MyKessel 3.0, eine Revolution in der Gro\u00dfgastronomie\u2026\" href=\"http:\/\/www.mykessel.com\/blog\/?p=457\">Mykessel3.0<\/a>\u00a0\u00a0\u00a0 <a title=\"M&amp;M System\" href=\"http:\/\/www.mykessel.com\/blog\/?page_id=524\">M&amp;M Zertifizierung<\/a>\u00a0\u00a0\u00a0 <a title=\"M&amp;M Premium-Paket\" href=\"http:\/\/www.mykessel.com\/blog\/?page_id=710\">M&amp;M Premium-Paket<\/a>\u00a0\u00a0\u00a0 <a title=\"Seminare\" href=\"http:\/\/www.mykessel.com\/blog\/?page_id=130\">Weiterbildung<\/a><\/strong><\/p>\n","protected":false},"excerpt":{"rendered":"<p>Neben der Gemeinschaftsverpflegung sind es die System-Gastronomie, Restaurants, Autobahnrastst\u00e4tten oder Hotelk\u00fcchen, die einen wesentlichen Einfluss auf die Ern\u00e4hrung der Bev\u00f6lkerung haben. Hauben und Sterne sagen nur etwas \u00fcber die Qualit\u00e4t aus, nicht \u00fcber die Zufriedenheit der Mitarbeiter, der Hygiene in &hellip; <a href=\"https:\/\/www.mykessel.com\/blog\/?page_id=744\">Weiterlesen <span class=\"meta-nav\">&rarr;<\/span><\/a><\/p>\n","protected":false},"author":54,"featured_media":0,"parent":717,"menu_order":0,"comment_status":"closed","ping_status":"closed","template":"","meta":{"footnotes":""},"_links":{"self":[{"href":"https:\/\/www.mykessel.com\/blog\/index.php?rest_route=\/wp\/v2\/pages\/744"}],"collection":[{"href":"https:\/\/www.mykessel.com\/blog\/index.php?rest_route=\/wp\/v2\/pages"}],"about":[{"href":"https:\/\/www.mykessel.com\/blog\/index.php?rest_route=\/wp\/v2\/types\/page"}],"author":[{"embeddable":true,"href":"https:\/\/www.mykessel.com\/blog\/index.php?rest_route=\/wp\/v2\/users\/54"}],"replies":[{"embeddable":true,"href":"https:\/\/www.mykessel.com\/blog\/index.php?rest_route=%2Fwp%2Fv2%2Fcomments&post=744"}],"version-history":[{"count":3,"href":"https:\/\/www.mykessel.com\/blog\/index.php?rest_route=\/wp\/v2\/pages\/744\/revisions"}],"predecessor-version":[{"id":2086,"href":"https:\/\/www.mykessel.com\/blog\/index.php?rest_route=\/wp\/v2\/pages\/744\/revisions\/2086"}],"up":[{"embeddable":true,"href":"https:\/\/www.mykessel.com\/blog\/index.php?rest_route=\/wp\/v2\/pages\/717"}],"wp:attachment":[{"href":"https:\/\/www.mykessel.com\/blog\/index.php?rest_route=%2Fwp%2Fv2%2Fmedia&parent=744"}],"curies":[{"name":"wp","href":"https:\/\/api.w.org\/{rel}","templated":true}]}}