      
            
      {"id":730,"date":"2012-08-16T09:43:45","date_gmt":"2012-08-16T08:43:45","guid":{"rendered":"http:\/\/www.mykessel.com\/blog\/?page_id=730"},"modified":"2013-06-08T12:37:09","modified_gmt":"2013-06-08T11:37:09","slug":"reha-kliniken","status":"publish","type":"page","link":"https:\/\/www.mykessel.com\/blog\/?page_id=730","title":{"rendered":"Reha-Kliniken"},"content":{"rendered":"<p>Eine wichtige Rolle bei der Rehabilitation spielt zweifelsohne das Essen. In manchen Kliniken \u00fcbernimmt das Essen einen Teil der Therapie. Umso wichtiger ist hier die Kommunikation zwischen \u00c4rzten, Pflege, Di\u00e4tologen und K\u00f6chen. Durch den l\u00e4ngeren Aufenthalt der Patienten ist es m\u00f6glich eine Beziehung aufzubauen, um so das Ern\u00e4hrungsverhalten nachhaltig zu beeinflussen. Zusammenstellung und Pr\u00e4sentation der Speisen, Kochstudio, Rezeptb\u00f6rse usw. sowie der pers\u00f6nliche Kontakt zum Essensteilnehmer sind wesentliche Faktoren, die das Wohlbefinden w\u00e4hrend des Klinikaufenthaltes sichern. Da die Reha-Kliniken am Essen nichts verdienen, werden diese Kosten meistens auf ein Minimum beschr\u00e4nkt. Die Folgen sind weniger K\u00fcchenpersonal, mehr Konserven- und Convenience-Produkte sowie unzufriedene Patienten. Ein Teufelskreis.<\/p>\n<p style=\"text-align: center;\">\u00a0\u00a0\u00a0\u00a0\u00a0\u00a0\u00a0\u00a0\u00a0\u00a0\u00a0\u00a0\u00a0\u00a0\u00a0\u00a0\u00a0\u00a0\u00a0\u00a0\u00a0\u00a0\u00a0\u00a0\u00a0\u00a0\u00a0\u00a0\u00a0\u00a0\u00a0 \u201e<em>Das M&amp;M System sollte schon in der Kochschule unterrichtet werden. Es zeigt genau auf, warum es in einer K\u00fcche geht<\/em>.\u201c<\/p>\n<p style=\"text-align: center;\">\u00a0\u00a0\u00a0\u00a0\u00a0\u00a0\u00a0\u00a0\u00a0\u00a0\u00a0\u00a0\u00a0\u00a0\u00a0\u00a0\u00a0\u00a0\u00a0\u00a0\u00a0\u00a0\u00a0\u00a0\u00a0\u00a0\u00a0<strong>\u00a0\u00a0 Andreas Lorbeck, K\u00fcchenleiter Reha-Klinik Sonnhalde, <\/strong><strong>Donaueschingen<\/strong><\/p>\n<p style=\"text-align: left;\">Video von Reha-Klinik Bad Schallerbach, O\u00d6<\/p>\n<p><strong><\/strong><\/p>\n<p><iframe loading=\"lazy\" width=\"640\" height=\"360\" src=\"http:\/\/www.youtube.com\/embed\/-_xlk10XlOg?feature=player_detailpage\" frameborder=\"0\" allowfullscreen><\/iframe><br \/>\n&nbsp;<\/p>\n<p><strong><a title=\"MyKessel 3.0, eine Revolution in der Gro\u00dfgastronomie\u2026\" href=\"http:\/\/www.mykessel.com\/blog\/?p=457\">Mykessel3.0<\/a>\u00a0\u00a0\u00a0 <a title=\"M&amp;M System\" href=\"http:\/\/www.mykessel.com\/blog\/?page_id=524\">M&amp;M Zertifizierung<\/a>\u00a0\u00a0\u00a0 <a title=\"M&amp;M Premium-Paket\" href=\"http:\/\/www.mykessel.com\/blog\/?page_id=710\">M&amp;M Premium-Paket<\/a>\u00a0\u00a0\u00a0 <a title=\"Seminare\" href=\"http:\/\/www.mykessel.com\/blog\/?page_id=130\">Weiterbildung<\/a><\/strong><\/p>\n","protected":false},"excerpt":{"rendered":"<p>Eine wichtige Rolle bei der Rehabilitation spielt zweifelsohne das Essen. In manchen Kliniken \u00fcbernimmt das Essen einen Teil der Therapie. Umso wichtiger ist hier die Kommunikation zwischen \u00c4rzten, Pflege, Di\u00e4tologen und K\u00f6chen. Durch den l\u00e4ngeren Aufenthalt der Patienten ist es &hellip; <a href=\"https:\/\/www.mykessel.com\/blog\/?page_id=730\">Weiterlesen <span class=\"meta-nav\">&rarr;<\/span><\/a><\/p>\n","protected":false},"author":54,"featured_media":0,"parent":717,"menu_order":0,"comment_status":"closed","ping_status":"closed","template":"","meta":{"footnotes":""},"_links":{"self":[{"href":"https:\/\/www.mykessel.com\/blog\/index.php?rest_route=\/wp\/v2\/pages\/730"}],"collection":[{"href":"https:\/\/www.mykessel.com\/blog\/index.php?rest_route=\/wp\/v2\/pages"}],"about":[{"href":"https:\/\/www.mykessel.com\/blog\/index.php?rest_route=\/wp\/v2\/types\/page"}],"author":[{"embeddable":true,"href":"https:\/\/www.mykessel.com\/blog\/index.php?rest_route=\/wp\/v2\/users\/54"}],"replies":[{"embeddable":true,"href":"https:\/\/www.mykessel.com\/blog\/index.php?rest_route=%2Fwp%2Fv2%2Fcomments&post=730"}],"version-history":[{"count":9,"href":"https:\/\/www.mykessel.com\/blog\/index.php?rest_route=\/wp\/v2\/pages\/730\/revisions"}],"predecessor-version":[{"id":751,"href":"https:\/\/www.mykessel.com\/blog\/index.php?rest_route=\/wp\/v2\/pages\/730\/revisions\/751"}],"up":[{"embeddable":true,"href":"https:\/\/www.mykessel.com\/blog\/index.php?rest_route=\/wp\/v2\/pages\/717"}],"wp:attachment":[{"href":"https:\/\/www.mykessel.com\/blog\/index.php?rest_route=%2Fwp%2Fv2%2Fmedia&parent=730"}],"curies":[{"name":"wp","href":"https:\/\/api.w.org\/{rel}","templated":true}]}}