      
            
      {"id":720,"date":"2012-08-16T09:36:30","date_gmt":"2012-08-16T08:36:30","guid":{"rendered":"http:\/\/www.mykessel.com\/blog\/?page_id=720"},"modified":"2013-06-08T12:35:16","modified_gmt":"2013-06-08T11:35:16","slug":"pflegeheime","status":"publish","type":"page","link":"https:\/\/www.mykessel.com\/blog\/?page_id=720","title":{"rendered":"Pflegeheime"},"content":{"rendered":"<p>\u201eNiemand baut ein Haus ohne K\u00fcche und nennt es sein Heim\u201c. F\u00fcr Menschen, die oft ihr Leben lang selber gekocht haben, geh\u00f6rt die K\u00fcche weiterhin zum Leben. Gerade im Alter z\u00e4hlt das Essen zu den wenigen H\u00f6hepunkten des Tages. Das liebevolle Eingehen auf die Bed\u00fcrfnisse der Heimbewohner, das Auseinandersetzen mit einer anderen Generation und das Wohlbefinden der Senioren sollte die Regel sein und nicht die Ausnahme.<\/p>\n<p>Der Heimkoch von heute wei\u00df um die Bed\u00fcrfnisse der \u00e4lteren Generation Bescheid. Essbiografien, Fingerfood f\u00fcr demente Personen, basale Stimulation durch Ger\u00fcche und der pers\u00f6nliche Kontakt machen eine K\u00fcche Vorort unverzichtbar. Essen als Teil der Pflege sollte selbstverst\u00e4ndlich sein.<\/p>\n<p>Die Mehrzahl der Pflegeheime wird entweder durch soziale Einrichtungen oder durch Stadt oder Land gef\u00fchrt.\u00a0 Obwohl die K\u00fcche ein wichtiger Bestandteil der t\u00e4glichen Pflege ist, wird auch hier immer \u00f6fter der Sparstift angesetzt. Leider auf Kosten der Heimbewohner, der Mitarbeiter und der Unternehmenskultur des Hauses.<\/p>\n<blockquote>\n<p style=\"text-align: center;\">&#8222;Das M&amp;M System war f\u00fcr uns ein absoluter Gewinn. Tolle Erkenntnisse \u00fcber unsere momentane Situation. F\u00fcr mein Team und mich eine Best\u00e4tigung, dass wir uns mit unseren Lebensmitteln und den daraus hergestellten Produkten<br \/>\nauf dem richtigen Weg befinden.<br \/>\nGleichzeitig waren die Anregungen \u00fcber Marketing und Mitarbeitermotivation sehr wichtig. Wir werden gemeinsam versuchen dies auch umzusetzen und noch besser zu werden.&#8220;<\/p>\n<p style=\"text-align: center;\"><strong>Gertrude Stadler, K\u00fcchenleiterin LPH Amstetten<\/strong><\/p>\n<\/blockquote>\n<p>&nbsp;<\/p>\n<p><strong>Video vom Interview mit Pflegeheim Matrei<\/strong><\/p>\n<p><iframe loading=\"lazy\" width=\"640\" height=\"360\" src=\"http:\/\/www.youtube.com\/embed\/5lJtoJ0PSEs?feature=player_detailpage\" frameborder=\"0\" allowfullscreen><\/iframe><\/p>\n<p>&nbsp;<\/p>\n<p><strong><a title=\"MyKessel 3.0, eine Revolution in der Gro\u00dfgastronomie\u2026\" href=\"http:\/\/www.mykessel.com\/blog\/?p=457\">Mykessel3.0<\/a>\u00a0\u00a0\u00a0 <a title=\"M&amp;M System\" href=\"http:\/\/www.mykessel.com\/blog\/?page_id=524\">M&amp;M Zertifizierung<\/a>\u00a0\u00a0\u00a0 <a title=\"M&amp;M Premium-Paket\" href=\"http:\/\/www.mykessel.com\/blog\/?page_id=710\">M&amp;M Premium-Paket<\/a>\u00a0\u00a0\u00a0 <a title=\"Seminare\" href=\"http:\/\/www.mykessel.com\/blog\/?page_id=130\">Weiterbildung<\/a><\/strong><\/p>\n","protected":false},"excerpt":{"rendered":"<p>\u201eNiemand baut ein Haus ohne K\u00fcche und nennt es sein Heim\u201c. F\u00fcr Menschen, die oft ihr Leben lang selber gekocht haben, geh\u00f6rt die K\u00fcche weiterhin zum Leben. Gerade im Alter z\u00e4hlt das Essen zu den wenigen H\u00f6hepunkten des Tages. Das &hellip; <a href=\"https:\/\/www.mykessel.com\/blog\/?page_id=720\">Weiterlesen <span class=\"meta-nav\">&rarr;<\/span><\/a><\/p>\n","protected":false},"author":54,"featured_media":0,"parent":717,"menu_order":0,"comment_status":"closed","ping_status":"closed","template":"","meta":{"footnotes":""},"_links":{"self":[{"href":"https:\/\/www.mykessel.com\/blog\/index.php?rest_route=\/wp\/v2\/pages\/720"}],"collection":[{"href":"https:\/\/www.mykessel.com\/blog\/index.php?rest_route=\/wp\/v2\/pages"}],"about":[{"href":"https:\/\/www.mykessel.com\/blog\/index.php?rest_route=\/wp\/v2\/types\/page"}],"author":[{"embeddable":true,"href":"https:\/\/www.mykessel.com\/blog\/index.php?rest_route=\/wp\/v2\/users\/54"}],"replies":[{"embeddable":true,"href":"https:\/\/www.mykessel.com\/blog\/index.php?rest_route=%2Fwp%2Fv2%2Fcomments&post=720"}],"version-history":[{"count":12,"href":"https:\/\/www.mykessel.com\/blog\/index.php?rest_route=\/wp\/v2\/pages\/720\/revisions"}],"predecessor-version":[{"id":725,"href":"https:\/\/www.mykessel.com\/blog\/index.php?rest_route=\/wp\/v2\/pages\/720\/revisions\/725"}],"up":[{"embeddable":true,"href":"https:\/\/www.mykessel.com\/blog\/index.php?rest_route=\/wp\/v2\/pages\/717"}],"wp:attachment":[{"href":"https:\/\/www.mykessel.com\/blog\/index.php?rest_route=%2Fwp%2Fv2%2Fmedia&parent=720"}],"curies":[{"name":"wp","href":"https:\/\/api.w.org\/{rel}","templated":true}]}}