      
            
      {"id":706,"date":"2012-08-14T11:31:50","date_gmt":"2012-08-14T10:31:50","guid":{"rendered":"http:\/\/www.mykessel.com\/blog\/?page_id=706"},"modified":"2013-02-22T08:41:12","modified_gmt":"2013-02-22T07:41:12","slug":"markus-koll","status":"publish","type":"page","link":"https:\/\/www.mykessel.com\/blog\/?page_id=706","title":{"rendered":"Markus K\u00f6ll"},"content":{"rendered":"<p><a href=\"http:\/\/www.mykessel.com\/blog\/wp-content\/uploads\/2012\/08\/Markus-Koell-Bild-Klein.jpg\"><img loading=\"lazy\" decoding=\"async\" class=\"alignleft size-medium wp-image-707\" title=\"Markus Koell Bild Klein\" src=\"http:\/\/www.mykessel.com\/blog\/wp-content\/uploads\/2012\/08\/Markus-Koell-Bild-Klein-225x300.jpg\" alt=\"\" width=\"225\" height=\"300\" srcset=\"https:\/\/www.mykessel.com\/blog\/wp-content\/uploads\/2012\/08\/Markus-Koell-Bild-Klein-225x300.jpg 225w, https:\/\/www.mykessel.com\/blog\/wp-content\/uploads\/2012\/08\/Markus-Koell-Bild-Klein.jpg 250w\" sizes=\"(max-width: 225px) 100vw, 225px\" \/><\/a>Der geb\u00fcrtige Tiroler <strong>Markus K\u00f6ll<\/strong> ist ein Gastgewerbeprofi mit den Schwerpunkten Controlling &amp; IT und seit 12 Jahren ein erfolgreicher Unternehmensberater. Mit seiner Firma \u201eKoell Consulting\u201c ber\u00e4t er die Gro\u00dfgastronomie und den Tourismus. Vor allem im Bereich der Warenwirtschaftssysteme hat er sich einen Namen gemacht. Als zertifizierter M&amp;M Auditor erweiterte er nun sein Portfolio und bietet zus\u00e4tzlich Zertifizierungen nach dem M&amp;M System\u00ae an.<\/p>\n<div>\n<p>Jung und dynamisch interessiert er sich als Tiroler nat\u00fcrlich f\u00fcr alle Bergsportarten. Zu einem angenehmen Gespr\u00e4chspartner machen ihn sowohl seine Kenntnisse als diplomierter Sommelier als auch die Liebhaberei von gutem Essen und Zigarren.<\/p>\n<p>Kontakt:<\/p>\n<address>Markus K\u00f6ll<\/address>\n<address>Koell Consulting GmbH<\/address>\n<address>Spitz\u00e4ckerweg 3<\/address>\n<address>A-6460 Imst\/Tirol\u00a0\u00a0\u00a0\u00a0\u00a0\u00a0\u00a0\u00a0\u00a0\u00a0\u00a0\u00a0\u00a0\u00a0\u00a0\u00a0\u00a0\u00a0\u00a0\u00a0\u00a0\u00a0\u00a0\u00a0\u00a0\u00a0\u00a0\u00a0\u00a0\u00a0\u00a0\u00a0\u00a0\u00a0\u00a0\u00a0\u00a0\u00a0\u00a0\u00a0\u00a0\u00a0\u00a0\u00a0\u00a0\u00a0\u00a0\u00a0\u00a0\u00a0\u00a0\u00a0\u00a0\u00a0\u00a0\u00a0\u00a0\u00a0\u00a0\u00a0\u00a0\u00a0\u00a0\u00a0\u00a0\u00a0\u00a0\u00a0\u00a0\u00a0\u00a0\u00a0\u00a0\u00a0\u00a0\u00a0\u00a0\u00a0\u00a0\u00a0\u00a0\u00a0\u00a0\u00a0\u00a0\u00a0\u00a0\u00a0\u00a0\u00a0\u00a0\u00a0\u00a0\u00a0\u00a0\u00a0\u00a0\u00a0\u00a0\u00a0\u00a0\u00a0\u00a0\u00a0\u00a0\u00a0\u00a0\u00a0\u00a0\u00a0\u00a0\u00a0\u00a0\u00a0\u00a0\u00a0\u00a0\u00a0\u00a0\u00a0\u00a0\u00a0<\/address>\n<\/div>\n<address>Telefon: +43 &#8211; (0) 676 847 634 402<br \/>\nTelefax: +43 &#8211; (0) 5412 &#8211; 646 14 &#8211; 20<br \/>\nInternet: <a href=\"http:\/\/www.koell.com\/\" target=\"_blank\">http:\/\/www.koell.com<\/a><br \/>\nEMail: <a href=\"mailto:markus.koell@koell.com\" target=\"_blank\">markus.koell@koell.com<\/a><\/address>\n<address>Skype: markus_koell_office oder markus_koell<\/address>\n<address>\u00a0<\/address>\n<address>\u00a0<\/address>\n","protected":false},"excerpt":{"rendered":"<p>Der geb\u00fcrtige Tiroler Markus K\u00f6ll ist ein Gastgewerbeprofi mit den Schwerpunkten Controlling &amp; IT und seit 12 Jahren ein erfolgreicher Unternehmensberater. Mit seiner Firma \u201eKoell Consulting\u201c ber\u00e4t er die Gro\u00dfgastronomie und den Tourismus. Vor allem im Bereich der Warenwirtschaftssysteme hat &hellip; <a href=\"https:\/\/www.mykessel.com\/blog\/?page_id=706\">Weiterlesen <span class=\"meta-nav\">&rarr;<\/span><\/a><\/p>\n","protected":false},"author":54,"featured_media":0,"parent":515,"menu_order":3,"comment_status":"closed","ping_status":"closed","template":"","meta":{"footnotes":""},"_links":{"self":[{"href":"https:\/\/www.mykessel.com\/blog\/index.php?rest_route=\/wp\/v2\/pages\/706"}],"collection":[{"href":"https:\/\/www.mykessel.com\/blog\/index.php?rest_route=\/wp\/v2\/pages"}],"about":[{"href":"https:\/\/www.mykessel.com\/blog\/index.php?rest_route=\/wp\/v2\/types\/page"}],"author":[{"embeddable":true,"href":"https:\/\/www.mykessel.com\/blog\/index.php?rest_route=\/wp\/v2\/users\/54"}],"replies":[{"embeddable":true,"href":"https:\/\/www.mykessel.com\/blog\/index.php?rest_route=%2Fwp%2Fv2%2Fcomments&post=706"}],"version-history":[{"count":4,"href":"https:\/\/www.mykessel.com\/blog\/index.php?rest_route=\/wp\/v2\/pages\/706\/revisions"}],"predecessor-version":[{"id":1413,"href":"https:\/\/www.mykessel.com\/blog\/index.php?rest_route=\/wp\/v2\/pages\/706\/revisions\/1413"}],"up":[{"embeddable":true,"href":"https:\/\/www.mykessel.com\/blog\/index.php?rest_route=\/wp\/v2\/pages\/515"}],"wp:attachment":[{"href":"https:\/\/www.mykessel.com\/blog\/index.php?rest_route=%2Fwp%2Fv2%2Fmedia&parent=706"}],"curies":[{"name":"wp","href":"https:\/\/api.w.org\/{rel}","templated":true}]}}