      
            
      {"id":700,"date":"2012-08-14T11:26:06","date_gmt":"2012-08-14T10:26:06","guid":{"rendered":"http:\/\/www.mykessel.com\/blog\/?page_id=700"},"modified":"2013-02-22T08:41:02","modified_gmt":"2013-02-22T07:41:02","slug":"700-2","status":"publish","type":"page","link":"https:\/\/www.mykessel.com\/blog\/?page_id=700","title":{"rendered":"Barbara van Melle-J\u00e4ger"},"content":{"rendered":"<p><strong>Barbara van<a href=\"http:\/\/www.mykessel.com\/blog\/wp-content\/uploads\/2012\/08\/Barbara12klein.jpg\"><img loading=\"lazy\" decoding=\"async\" class=\"alignleft size-full wp-image-701\" title=\"Barbara12klein\" src=\"http:\/\/www.mykessel.com\/blog\/wp-content\/uploads\/2012\/08\/Barbara12klein.jpg\" alt=\"\" width=\"287\" height=\"250\" \/><\/a> Melle-J\u00e4ger<\/strong> stammt aus Nieder\u00f6sterreich, wo sie auch vor mehr als 20 Jahren ihre Ausbildung zur Di\u00e4tologin absolvierte. Ihre beruflichen Wege f\u00fchrten sie vorerst in Krankenh\u00e4user und Kliniken, wo sie die di\u00e4tetischen Aspekte vertiefen konnte. Seit geraumer Zeit widmet sich Barbara der ern\u00e4hrungsmedizinischen Gesunderhaltung und betreut Kurh\u00e4user, Reha-Kliniken und Seniorenresidenzen mit ihrem Knowhow. Im Vordergrund stehen dabei die speziellen Bed\u00fcrfnisse der Essteilnehmer, sowie die Umsetzung der Ern\u00e4hrungstherapie im K\u00fcchenbereich. Ausgleich und zus\u00e4tzliche Erf\u00fcllung findet Frau van Melle-J\u00e4ger als Touch<em>Life<\/em>-Praktikerin (Tiefenentspannungsmassage) und im Training ihrer Australian Shepards (H\u00fctehunde).<\/p>\n<p>Gerne k\u00f6nnen Sie Barbara van Melle-J\u00e4ger f\u00fcr Vortr\u00e4ge, Seminare, ern\u00e4hrungsmed. Gro\u00dfk\u00fcchenconsultings und\/oder individuelle Di\u00e4t-und Ern\u00e4hrungsberatungen buchen. Kontakt: 0680-2359393<\/p>\n<p>&nbsp;<\/p>\n<p>&nbsp;<\/p>\n","protected":false},"excerpt":{"rendered":"<p>Barbara van Melle-J\u00e4ger stammt aus Nieder\u00f6sterreich, wo sie auch vor mehr als 20 Jahren ihre Ausbildung zur Di\u00e4tologin absolvierte. Ihre beruflichen Wege f\u00fchrten sie vorerst in Krankenh\u00e4user und Kliniken, wo sie die di\u00e4tetischen Aspekte vertiefen konnte. Seit geraumer Zeit widmet &hellip; <a href=\"https:\/\/www.mykessel.com\/blog\/?page_id=700\">Weiterlesen <span class=\"meta-nav\">&rarr;<\/span><\/a><\/p>\n","protected":false},"author":54,"featured_media":0,"parent":515,"menu_order":2,"comment_status":"closed","ping_status":"closed","template":"","meta":{"footnotes":""},"_links":{"self":[{"href":"https:\/\/www.mykessel.com\/blog\/index.php?rest_route=\/wp\/v2\/pages\/700"}],"collection":[{"href":"https:\/\/www.mykessel.com\/blog\/index.php?rest_route=\/wp\/v2\/pages"}],"about":[{"href":"https:\/\/www.mykessel.com\/blog\/index.php?rest_route=\/wp\/v2\/types\/page"}],"author":[{"embeddable":true,"href":"https:\/\/www.mykessel.com\/blog\/index.php?rest_route=\/wp\/v2\/users\/54"}],"replies":[{"embeddable":true,"href":"https:\/\/www.mykessel.com\/blog\/index.php?rest_route=%2Fwp%2Fv2%2Fcomments&post=700"}],"version-history":[{"count":7,"href":"https:\/\/www.mykessel.com\/blog\/index.php?rest_route=\/wp\/v2\/pages\/700\/revisions"}],"predecessor-version":[{"id":1038,"href":"https:\/\/www.mykessel.com\/blog\/index.php?rest_route=\/wp\/v2\/pages\/700\/revisions\/1038"}],"up":[{"embeddable":true,"href":"https:\/\/www.mykessel.com\/blog\/index.php?rest_route=\/wp\/v2\/pages\/515"}],"wp:attachment":[{"href":"https:\/\/www.mykessel.com\/blog\/index.php?rest_route=%2Fwp%2Fv2%2Fmedia&parent=700"}],"curies":[{"name":"wp","href":"https:\/\/api.w.org\/{rel}","templated":true}]}}