      
            
      {"id":685,"date":"2012-08-09T15:08:24","date_gmt":"2012-08-09T14:08:24","guid":{"rendered":"http:\/\/www.mykessel.com\/blog\/?page_id=685"},"modified":"2018-05-07T11:11:43","modified_gmt":"2018-05-07T10:11:43","slug":"impressum","status":"publish","type":"page","link":"https:\/\/www.mykessel.com\/blog\/?page_id=685","title":{"rendered":"Impressum"},"content":{"rendered":"<p><strong>Firmensitz:\u00a0 <\/strong><br \/>\nPemcon-personal empowerment consulting GmbH<br \/>\nKugelgasse 1<br \/>\nA-3100 St. P\u00f6lten<\/p>\n<p>Mobil: +43 (0) 680 \/ 5074280<br \/>\nEmail: <a href=\"mailto:zentrale@mykessel,com\">zentrale@mykessel,com<\/a><\/p>\n<p>Web: <a href=\"http:\/\/www.mykessel.com\">www.mykessel.com<\/a><\/p>\n<p><strong>Firmenbuchnummer:<\/strong> FN358579y<\/p>\n<p><strong>Handelsgericht<\/strong>: 3100 St. P\u00f6lten<\/p>\n<p><strong>Bankverbindung:<\/strong><br \/>\nVolksbank Nieder\u00f6sterreich Mitte,<br \/>\nIBAN: AT404715032809550000<br \/>\nBIC: VBOEATWWNOM<\/p>\n<p><strong>UID-Nummer:<\/strong> ATU 66289358<\/p>\n<p><strong>Programmierung und Content Management System: <\/strong>WordPress<\/p>\n<p><strong>Copyright:<\/strong><br \/>\nS\u00e4mtliche Texte, Bilder, Zeichnungen und andere auf der Internetseite ver\u00f6ffentlichten Werke unterliegen &#8211; sofern nicht anders vermerkt &#8211; dem Copyright von Pemcon GmbH. Jede Vervielf\u00e4ltigung, Verbreitung, \u00dcbermittlung, Sendung und Wieder- bzw. Weitergabe der Inhalte ist ohne unsere schriftliche Genehmigung ausdr\u00fccklich untersagt.<\/p>\n<p><strong>Haftungsausschluss:<\/strong><br \/>\nWir \u00fcbernehmen keine Haftung f\u00fcr die Zugangsm\u00f6glichkeit oder deren Zugangsqualit\u00e4t sowie die Art der Darstellung. Downloaden erfolgt auf eigene Gefahr. F\u00fcr den Inhalt unserer Webseite haften wir nur bez\u00fcglich Vorsatz und grober Fahrl\u00e4ssigkeit, sowie begrenzt f\u00fcr den typisch vorhersehbaren Schaden. F\u00fcr die Inhalte verlinkter Seiten au\u00dferhalb unseres Angebots \u00fcbernehmen wir keine Haftung.<\/p>\n<p><strong>Datenschutz:<\/strong><br \/>\nS\u00e4mtliche auf dieser Website erhobenen pers\u00f6nlichen Daten werden ausschlie\u00dflich zu Ihrer individuellen Betreuung, der \u00dcbersendung von Produktinformationen oder der Unterbreitung von Serviceangeboten gespeichert und verarbeitet. Wir sichern zu, dass Ihre Angaben entsprechend den geltenden datenschutzrechtlichen Bestimmungen vertraulich behandelt werden.<\/p>\n","protected":false},"excerpt":{"rendered":"<p>Firmensitz:\u00a0 Pemcon-personal empowerment consulting GmbH Kugelgasse 1 A-3100 St. P\u00f6lten Mobil: +43 (0) 680 \/ 5074280 Email: zentrale@mykessel,com Web: www.mykessel.com Firmenbuchnummer: FN358579y Handelsgericht: 3100 St. P\u00f6lten Bankverbindung: Volksbank Nieder\u00f6sterreich Mitte, IBAN: AT404715032809550000 BIC: VBOEATWWNOM UID-Nummer: ATU 66289358 Programmierung und Content &hellip; <a href=\"https:\/\/www.mykessel.com\/blog\/?page_id=685\">Weiterlesen <span class=\"meta-nav\">&rarr;<\/span><\/a><\/p>\n","protected":false},"author":54,"featured_media":0,"parent":225,"menu_order":0,"comment_status":"closed","ping_status":"closed","template":"","meta":{"footnotes":""},"_links":{"self":[{"href":"https:\/\/www.mykessel.com\/blog\/index.php?rest_route=\/wp\/v2\/pages\/685"}],"collection":[{"href":"https:\/\/www.mykessel.com\/blog\/index.php?rest_route=\/wp\/v2\/pages"}],"about":[{"href":"https:\/\/www.mykessel.com\/blog\/index.php?rest_route=\/wp\/v2\/types\/page"}],"author":[{"embeddable":true,"href":"https:\/\/www.mykessel.com\/blog\/index.php?rest_route=\/wp\/v2\/users\/54"}],"replies":[{"embeddable":true,"href":"https:\/\/www.mykessel.com\/blog\/index.php?rest_route=%2Fwp%2Fv2%2Fcomments&post=685"}],"version-history":[{"count":6,"href":"https:\/\/www.mykessel.com\/blog\/index.php?rest_route=\/wp\/v2\/pages\/685\/revisions"}],"predecessor-version":[{"id":2713,"href":"https:\/\/www.mykessel.com\/blog\/index.php?rest_route=\/wp\/v2\/pages\/685\/revisions\/2713"}],"up":[{"embeddable":true,"href":"https:\/\/www.mykessel.com\/blog\/index.php?rest_route=\/wp\/v2\/pages\/225"}],"wp:attachment":[{"href":"https:\/\/www.mykessel.com\/blog\/index.php?rest_route=%2Fwp%2Fv2%2Fmedia&parent=685"}],"curies":[{"name":"wp","href":"https:\/\/api.w.org\/{rel}","templated":true}]}}