      
            
      {"id":524,"date":"2012-06-28T16:54:33","date_gmt":"2012-06-28T15:54:33","guid":{"rendered":"http:\/\/www.mykessel.com\/blog\/?page_id=524"},"modified":"2018-09-22T17:42:50","modified_gmt":"2018-09-22T16:42:50","slug":"kessel-methode","status":"publish","type":"page","link":"https:\/\/www.mykessel.com\/blog\/?page_id=524","title":{"rendered":"Die Kessel-Methode"},"content":{"rendered":"<p>Die Firma <strong><em>pemcon <\/em><\/strong>besteht\u00a0mittlerweile\u00a0seit 1996. Anf\u00e4nglich als Consulter f\u00fcr die Gemeinschaftsgastronomie, Hotellerie und Gastronomie t\u00e4tig, entwickelte sich die Firma immer mehr zum Dienstleistungsunternehmen. Der Grundgedanke war weniger die Suche nach Einsparungen, sondern vielmehr die Unterst\u00fctzung des Managements und der Mitarbeiter bei der t\u00e4glichen Arbeitsleistung in einer Gro\u00dfk\u00fcche. Unser Ansatz ist ganzheitlich, mit dem Ziel, eine verantwortungsvolle, nachhaltige und ern\u00e4hrungsphysiologisch wertvolle Ern\u00e4hrung zu sichern. Aus dieser Philosophie entstand <strong>die Kessel-Metode<sup>\u00ae<\/sup>.<\/strong> Ein einzigartiges Qualit\u00e4tssicherungsinstrument basierend auf den folgenden Prinzipien:<\/p>\n<ol>\n<li>Ingangsetzung eines kontinuierlichen Verbesserungsprozesses (<span style=\"color: #800000;\"><strong>Q<\/strong><\/span>ualit\u00e4t)<\/li>\n<li>Positionierung der K\u00fcche (internes und externes <span style=\"color: #800000;\"><strong>M<\/strong><\/span>arketing)<\/li>\n<li>Motivierung der K\u00fcchenmannschaft (<span style=\"color: #800000;\"><strong>M<\/strong><\/span>itarbeitermotivation)<\/li>\n<li>Bestimmung der Kennzahlen (Benchmarking, <span style=\"color: #800000;\"><strong>W<\/strong><\/span>irtschaftlichkeit)<\/li>\n<\/ol>\n<div>\n<p><strong>MyKessel 3.0 &#8211; F\u00fcr Experten und Profis, die einen Unterschied machen wollen!<\/strong><\/p>\n<p>Als erstes QM System f\u00fcr Gro\u00dfk\u00fcchen haben wir mit MyKessel 3.0 ein System, das alle Leistungen dokumentiert. Qualit\u00e4tssicherung, Transparenz und ein kontinuierlicher Verbesserungsprozess sind nicht nur Schlagw\u00f6rter, sondern auf Knopfdruck f\u00fcr alle sichtbar.<\/p>\n<p>MyKessel 3.0 ist ein Qualit\u00e4tssicherungs-, Bewertungs- und Anerkennungssystem in einem. Es ist ein Weg, bei dem das Team (mit)arbeitet und die Fortschritte selbst bestimmen kann. Es war noch nie so einfach, Leistung zu dokumentieren und zu kommunizieren.<\/p>\n<p>Wirtschaftlichkeit, Mitarbeitende, Qualit\u00e4t und Marketing sind die zentralen Themen, die mit dem System analysiert und mit Kessel-Punkten bewertet werden. Basierend auf einer Selbstbewertung mit dem Qualit\u00e4ts-Check und der Ermittlung der Kennzahlen durch den Quick-Scan, erfahren Sie, wo Ihr Betrieb aktuell im Vergleich zu den Branchenkollegen steht. \u00dcber 350 Fragen sorgen f\u00fcr eine ganzheitliche Bewertung und f\u00fchren zu einer intensiven Auseinandersetzung mit Ihrem Betrieb. Daraus resultierend k\u00f6nnen Ziele, Schulungen und Aktionen erarbeitet und dokumentiert werden.<\/p>\n<p>Im Sinne eines \u00f6kologischen und nachhaltigen Lebensmitteleinkaufs sollte bei der Auswahl der Lebensmittellieferraten auch die Regionalit\u00e4t ber\u00fccksichtigt werden. Im Rahmen von MyKessel 3.0 wird aus dieser Motivation heraus auch die durchschnittliche Kilometeranzahl zwischen dem Lieferanten und der K\u00fcche abgefragt, sowie die H\u00e4ufigkeit der Anlieferungen. Zus\u00e4tzlich wird der biologische Anteil herangezogen. Aus dieser Berechnungsgrundlage entsteht der \u00d6KO-Faktor.<\/p>\n<p>Abschlie\u00dfend k\u00f6nnen Sie Ihren Betrieb nach der Kessel-Methode\u00ae zertifizieren lassen.<\/p>\n<h1>10 Argumente f\u00fcr eine Qualit\u00e4tssicherung nach der Kessel-Methode<sup>\u00ae<\/sup><\/h1>\n<\/div>\n<ol>\n<li>Die Kessel-Methode<strong><sup>\u00ae<\/sup><\/strong> \u00a0ist derzeit das einzige <strong>ganzheitliche<\/strong> Qualit\u00e4tssicherungsverfahren in der Gemeinschaftsgastronomie, weltweit. Qualit\u00e4t hei\u00dft, nicht nur einen ern\u00e4hrungsphysiologisch verantwortlichen Men\u00fcplan erstellen, sondern auch gl\u00fcckliche und zufriedene Mitarbeiter, eine ansprechende Pr\u00e4sentation, sowie eine wirtschaftlich fundierte Betriebsf\u00fchrung. Kurz: <strong>\u00f6kologisch, \u00f6konomisch und sozial.<\/strong><\/li>\n<li>Allein das Qualit\u00e4tssiegel f\u00fchrt keine Ver\u00e4nderungen hervor. Die Vergabe der Kessel ist ein wichtiger <strong>Motivationsfaktor<\/strong> f\u00fcr die K\u00fcchenmannschaft. Erst durch diese Auszeichnung bekommen die Mitarbeiter die <strong>Anerkennung <\/strong>(von Au\u00dfen) f\u00fcr die erbrachte Leistung.<\/li>\n<li>Die M\u00f6glichkeit, sich mit anderen Betrieben zu messen, ist eine effektive Motivation noch besser zu werden. Dazu gibt der Kessel-Methode<strong><sup>\u00ae<\/sup><\/strong> dem Betrieb die Instrumente in der Hand. Durch die j\u00e4hrliche Evaluierung ist eine <strong>kontinuierliche<\/strong> <strong>Verbesserung <\/strong>gegeben.<\/li>\n<li>Der Prozess der Kessel-Methode<strong><sup>\u00ae<\/sup><\/strong> schafft Transparenz. Der j\u00e4hrliche <strong>Benchmarkbericht <\/strong>zeigt, wie die Akteure im Vergleich stehen.<\/li>\n<li><strong>Kommunikation<\/strong> ist einer der wichtigsten Bestandteile der Kessel-Methode<strong><sup>\u00ae<\/sup><\/strong>. H\u00f6hepunkt jeder Zertifizierung ist das Kurzseminar f\u00fcr das gesamte K\u00fcchenteam. Hier werden die Werte, Ergebnisse und Schlussfolgerungen klar und deutlich kommuniziert. Absolute Transparenz nimmt \u00c4ngste und f\u00f6rdert den Qualit\u00e4tsdialog uDie Kessel-Methode<strong><sup>\u00ae<\/sup><\/strong> macht den <strong>Erfolg messbar<\/strong>. Sowohl f\u00fcr die K\u00fcchenmannschaft, als auch f\u00fcr die Konsumenten.<\/li>\n<li>Die Kessel-Methode beinhaltet das <strong>Monitoring <\/strong>von: Qualit\u00e4t, Hygiene, Einkaufsverhalten, Kreativit\u00e4t, Mitarbeiterzufriedenheit, Gesundheit, Regionalit\u00e4t, Saisonalit\u00e4t, Bioanteil, Weiterbildung, Aktionen, Lob &amp; Anerkennung, Kennzahlen wie Wareneinsatz, Personalkosten, Rentabilit\u00e4t, Umsatz, und vieles mehr\u2026 Kein anderes System enth\u00e4lt derzeit so viele <strong>Parameter<\/strong>. <strong>Ein komplexes System f\u00fcr eine komplexe Branche<\/strong>!<\/li>\n<li>Die Kessel-Methode<strong><sup>\u00ae<\/sup><\/strong> folgt keinen starren Regeln, sondern wird kontinuierlich perfektioniert. Ein System, das <strong>nachweislich in kurzer Zeit<\/strong> Erfolge bringt.<\/li>\n<li><strong>Mit den online Software, MyKessel<\/strong><sup>\u00ae<\/sup><strong><em>3.0,<\/em><\/strong> ist der Qualit\u00e4tssicherung so einfach wie noch nie geworden. Am Puls der Zeit und zukunftweisend f\u00fcr eine neue innerbetriebliche Kommunikation. Entworfen, um die <strong>Leistungen, Innovationen und Talente<\/strong> der K\u00fcchenmannschaften festzuhalten und auf <strong>Lob und Anerkennung<\/strong> ausgerichtet.<\/li>\n<li>Alle Mitarbeiter und Partner von <strong><em>pemcon<\/em><\/strong> sind <strong>Praktiker<\/strong>. K\u00f6che, K\u00fcchenleiter, Manager und Di\u00e4tologinnen. Ein Team, das genau wei\u00df, wie es in der t\u00e4glichen Praxis zugeht: Positiv, motiviert und l\u00f6sungsorientiert.<\/li>\n<\/ol>\n<p><strong>Unsere Vision:<\/strong><\/p>\n<p><em><span style=\"color: #800000;\"><strong>&#8222;Frisch, Fair &amp; Transparent<\/strong><\/span><span style=\"color: #800000;\"><strong>&#8222;<\/strong><\/span><\/em><\/p>\n<p><strong><em>\u00a0<\/em><\/strong><strong>Unser Ziel:<\/strong><\/p>\n<p><span style=\"color: #800000;\">\u00a0<em><strong>\u201e<\/strong><strong>Leistung sichtbar machen\u201c<\/strong><\/em><\/span><\/p>\n<p><strong>Unser Motto:<\/strong><\/p>\n<p><em><span style=\"color: #800000;\"><strong>&#8222;frischer, besser, nachhaltiger&#8220;<\/strong><\/span><\/em><\/p>\n<div>\n<p>\u00a0<a href=\"http:\/\/www.mykessel.com\/blog\/wp-content\/uploads\/2012\/10\/MM-System-2012-Erst-Information.pdf\">Vollst\u00e4ndige Informationen finden sie hier<\/a><\/p>\n<p>Preisliste auf Anfrage.<\/p>\n<p>&nbsp;<\/p>\n<\/div>\n<div>\n<p><script type=\"text\/javascript\">\/\/ <![CDATA[\nvar _gaq = _gaq || [];   _gaq.push(['_setAccount', 'UA-36046944-1']);   _gaq.push(['_trackPageview']);   (function() {     var ga = document.createElement('script'); ga.type = 'text\/javascript'; ga.async = true;     ga.src = ('https:' == document.location.protocol ? 'https:\/\/ssl' : 'http:\/\/www') + '.google-analytics.com\/ga.js';     var s = document.getElementsByTagName('script')[0]; s.parentNode.insertBefore(ga, s);   })();\n\/\/ ]]><\/script><\/p>\n<\/div>\n","protected":false},"excerpt":{"rendered":"<p>Die Firma pemcon besteht\u00a0mittlerweile\u00a0seit 1996. Anf\u00e4nglich als Consulter f\u00fcr die Gemeinschaftsgastronomie, Hotellerie und Gastronomie t\u00e4tig, entwickelte sich die Firma immer mehr zum Dienstleistungsunternehmen. Der Grundgedanke war weniger die Suche nach Einsparungen, sondern vielmehr die Unterst\u00fctzung des Managements und der Mitarbeiter &hellip; <a href=\"https:\/\/www.mykessel.com\/blog\/?page_id=524\">Weiterlesen <span class=\"meta-nav\">&rarr;<\/span><\/a><\/p>\n","protected":false},"author":54,"featured_media":0,"parent":0,"menu_order":1,"comment_status":"closed","ping_status":"closed","template":"","meta":{"footnotes":""},"_links":{"self":[{"href":"https:\/\/www.mykessel.com\/blog\/index.php?rest_route=\/wp\/v2\/pages\/524"}],"collection":[{"href":"https:\/\/www.mykessel.com\/blog\/index.php?rest_route=\/wp\/v2\/pages"}],"about":[{"href":"https:\/\/www.mykessel.com\/blog\/index.php?rest_route=\/wp\/v2\/types\/page"}],"author":[{"embeddable":true,"href":"https:\/\/www.mykessel.com\/blog\/index.php?rest_route=\/wp\/v2\/users\/54"}],"replies":[{"embeddable":true,"href":"https:\/\/www.mykessel.com\/blog\/index.php?rest_route=%2Fwp%2Fv2%2Fcomments&post=524"}],"version-history":[{"count":49,"href":"https:\/\/www.mykessel.com\/blog\/index.php?rest_route=\/wp\/v2\/pages\/524\/revisions"}],"predecessor-version":[{"id":2778,"href":"https:\/\/www.mykessel.com\/blog\/index.php?rest_route=\/wp\/v2\/pages\/524\/revisions\/2778"}],"wp:attachment":[{"href":"https:\/\/www.mykessel.com\/blog\/index.php?rest_route=%2Fwp%2Fv2%2Fmedia&parent=524"}],"curies":[{"name":"wp","href":"https:\/\/api.w.org\/{rel}","templated":true}]}}