      
            
      {"id":311,"date":"2012-01-25T18:27:57","date_gmt":"2012-01-25T17:27:57","guid":{"rendered":"http:\/\/www.mykessel.com\/blog\/?page_id=311"},"modified":"2016-10-06T08:22:07","modified_gmt":"2016-10-06T07:22:07","slug":"coaching","status":"publish","type":"page","link":"https:\/\/www.mykessel.com\/blog\/?page_id=311","title":{"rendered":"Beratung"},"content":{"rendered":"<p>Seit 1996 ber\u00e4t Peter van Melle Gro\u00dfk\u00fcchen in gesamt deutsche Raum. Sein Spezialgebiet ist es, komplexe Zusammenh\u00e4nge auf eine einfache Art darzustellen.<\/p>\n<p>Folgende Dienstleistungen bieten wir an:<\/p>\n<ul>\n<li>Ist-Analyse mit aktuelle Benchmark-Vergleich<\/li>\n<li>Prozessanalyse<\/li>\n<li>Machbarkeitsstudien<\/li>\n<li>K\u00fcchenplanung (in Zusammenarbeit mit professionellen Planer)<\/li>\n<li>HACCP-Analyse<\/li>\n<li>Cook &amp; Chill<\/li>\n<li>Ern\u00e4hrungsberatung<\/li>\n<li>Konzeptberatung<\/li>\n<li>Room Service<\/li>\n<li>u.v.m.<\/li>\n<\/ul>\n<p><a href=\"http:\/\/www.mykessel.com\/blog\/wp-content\/uploads\/2013\/10\/Referenzliste-Pemcon-2013.pdf\">Referenzliste<\/a><\/p>\n<p>&nbsp;<\/p>\n","protected":false},"excerpt":{"rendered":"<p>Seit 1996 ber\u00e4t Peter van Melle Gro\u00dfk\u00fcchen in gesamt deutsche Raum. Sein Spezialgebiet ist es, komplexe Zusammenh\u00e4nge auf eine einfache Art darzustellen. Folgende Dienstleistungen bieten wir an: Ist-Analyse mit aktuelle Benchmark-Vergleich Prozessanalyse Machbarkeitsstudien K\u00fcchenplanung (in Zusammenarbeit mit professionellen Planer) HACCP-Analyse &hellip; <a href=\"https:\/\/www.mykessel.com\/blog\/?page_id=311\">Weiterlesen <span class=\"meta-nav\">&rarr;<\/span><\/a><\/p>\n","protected":false},"author":54,"featured_media":0,"parent":0,"menu_order":7,"comment_status":"open","ping_status":"closed","template":"","meta":{"footnotes":""},"_links":{"self":[{"href":"https:\/\/www.mykessel.com\/blog\/index.php?rest_route=\/wp\/v2\/pages\/311"}],"collection":[{"href":"https:\/\/www.mykessel.com\/blog\/index.php?rest_route=\/wp\/v2\/pages"}],"about":[{"href":"https:\/\/www.mykessel.com\/blog\/index.php?rest_route=\/wp\/v2\/types\/page"}],"author":[{"embeddable":true,"href":"https:\/\/www.mykessel.com\/blog\/index.php?rest_route=\/wp\/v2\/users\/54"}],"replies":[{"embeddable":true,"href":"https:\/\/www.mykessel.com\/blog\/index.php?rest_route=%2Fwp%2Fv2%2Fcomments&post=311"}],"version-history":[{"count":29,"href":"https:\/\/www.mykessel.com\/blog\/index.php?rest_route=\/wp\/v2\/pages\/311\/revisions"}],"predecessor-version":[{"id":2601,"href":"https:\/\/www.mykessel.com\/blog\/index.php?rest_route=\/wp\/v2\/pages\/311\/revisions\/2601"}],"wp:attachment":[{"href":"https:\/\/www.mykessel.com\/blog\/index.php?rest_route=%2Fwp%2Fv2%2Fmedia&parent=311"}],"curies":[{"name":"wp","href":"https:\/\/api.w.org\/{rel}","templated":true}]}}