      
            
      {"id":2720,"date":"2018-05-17T09:30:22","date_gmt":"2018-05-17T08:30:22","guid":{"rendered":"http:\/\/www.mykessel.com\/blog\/?page_id=2720"},"modified":"2021-08-23T12:21:59","modified_gmt":"2021-08-23T11:21:59","slug":"top-100","status":"publish","type":"page","link":"https:\/\/www.mykessel.com\/blog\/?page_id=2720","title":{"rendered":"Top 100"},"content":{"rendered":"<p>Hier finden Sie die Top 100 der Gemeinschaftsverpflegung. Diese Liste \u00e4ndert sich st\u00e4ndig und dient als Ansporn, ebenfalls in einen fairen Wettbewerb treten zu wollen.<\/p>\n<table width=\"464\">\n<tbody>\n<tr>\n<td width=\"39\">Platz<\/td>\n<td width=\"303\">Betrieb<\/td>\n<td width=\"59\">Kessel-Punkte<\/td>\n<td width=\"63\">\u00d6ko-Faktor<\/td>\n<\/tr>\n<tr>\n<td><span style=\"color: #ff0000;\">1<\/span><\/td>\n<td><span style=\"color: #ff0000;\">Altenwohnheim Kitzb\u00fchel, Tirol<\/span><\/td>\n<td><span style=\"color: #ff0000;\">20,00<\/span><\/td>\n<td>\u00a0\u00a0\u00a0\u00a0\u00a0\u00a0<span style=\"color: #ff0000;\"> 8,46<\/span><\/td>\n<\/tr>\n<tr>\n<td><span style=\"color: #ff0000;\">2<\/span><\/td>\n<td width=\"303\"><span style=\"color: #ff0000;\">MAN Diesel Betriebsgastronomie, Augsburg, D<\/span><\/td>\n<td><span style=\"color: #ff0000;\">20,00<\/span><\/td>\n<td>\u00a0\u00a0\u00a0\u00a0 <span style=\"color: #ff0000;\">18,70<\/span><\/td>\n<\/tr>\n<tr>\n<td><span style=\"color: #ff0000;\">3<\/span><\/td>\n<td><span style=\"color: #ff0000;\">Vinzenzheim Neustift, Tirol\u00a0<\/span><\/td>\n<td><span style=\"color: #ff0000;\">20,00<\/span><\/td>\n<td>\u00a0\u00a0\u00a0\u00a0<span style=\"color: #ff0000;\"> 19,58<\/span><\/td>\n<\/tr>\n<tr>\n<td><span style=\"color: #ff0000;\">4<\/span><\/td>\n<td><span style=\"color: #ff0000;\">Integra Soziale Dienste GmbH<\/span><\/td>\n<td><span style=\"color: #ff0000;\">20,00<\/span><\/td>\n<td>\u00a0\u00a0\u00a0<span style=\"color: #ff0000;\"> 20,05<\/span><\/td>\n<\/tr>\n<tr>\n<td><span style=\"color: #ff0000;\">5<\/span><\/td>\n<td><span style=\"color: #ff0000;\">Pflegeheim Badenstedt, D<\/span><\/td>\n<td><span style=\"color: #ff0000;\">20,00<\/span><\/td>\n<td>\u00a0\u00a0\u00a0\u00a0<span style=\"color: #ff0000;\"> 24,22<\/span><\/td>\n<\/tr>\n<tr>\n<td><span style=\"color: #ff0000;\">6<\/span><\/td>\n<td><span style=\"color: #ff0000;\">Kloster Huysburg, D<\/span><\/td>\n<td><span style=\"color: #ff0000;\">20,00<\/span><\/td>\n<td>\u00a0\u00a0\u00a0\u00a0 <span style=\"color: #ff0000;\">24,51<\/span><\/td>\n<\/tr>\n<tr>\n<td><span style=\"color: #ff0000;\">7<\/span><\/td>\n<td><span style=\"color: #ff0000;\">Regional Altenwohnheim Schwaz\u00a0<\/span><\/td>\n<td><span style=\"color: #ff0000;\">20,00<\/span><\/td>\n<td>\u00a0\u00a0\u00a0<span style=\"color: #ff0000;\"> 39,82<\/span><\/td>\n<\/tr>\n<tr>\n<td><span style=\"color: #ff0000;\">8<\/span><\/td>\n<td><span style=\"color: #ff0000;\">Landeskrankenhaus Hochegg, N\u00d6\u00a0<\/span><\/td>\n<td><span style=\"color: #ff0000;\">20,00<\/span><\/td>\n<td>\u00a0\u00a0\u00a0 <span style=\"color: #ff0000;\">56,98<\/span><\/td>\n<\/tr>\n<tr>\n<td>9<\/td>\n<td>St. Anna Hospital Herne, D<\/td>\n<td>19,79<\/td>\n<td>\u00a0\u00a0\u00a0 49,92<\/td>\n<\/tr>\n<tr>\n<td>10<\/td>\n<td>WMF Kantine, Geislingen, D<\/td>\n<td>19,75<\/td>\n<td>\u00a0\u00a0\u00a0\u00a0 45,32<\/td>\n<\/tr>\n<tr>\n<td>11<\/td>\n<td>Landeskrankenhaus Neunkirchen, N\u00d6<\/td>\n<td>19,66<\/td>\n<td>\u00a0\u00a0\u00a0\u00a0 57,16<\/td>\n<\/tr>\n<tr>\n<td>12<\/td>\n<td>Marien Hospital Witten, D<\/td>\n<td>19,61<\/td>\n<td>\u00a0\u00a0\u00a0 60,00<\/td>\n<\/tr>\n<tr>\n<td>13<\/td>\n<td>Lebenshilfe Worms, D<\/td>\n<td>19,58<\/td>\n<td>\u00a0\u00a0\u00a0\u00a0 53,99<\/td>\n<\/tr>\n<tr>\n<td>14<\/td>\n<td>Marien Hospital Herne Mitte, D<\/td>\n<td>19,49<\/td>\n<td>\u00a0\u00a0\u00a0\u00a0 46,15<\/td>\n<\/tr>\n<tr>\n<td>15<\/td>\n<td>Pflegeheim Bad Goisern, O\u00d6<\/td>\n<td>19,28<\/td>\n<td>\u00a0\u00a0\u00a0\u00a0 59,18<\/td>\n<\/tr>\n<tr>\n<td>16<\/td>\n<td>Pflegeheim Matrei, Tirol<\/td>\n<td>19,27<\/td>\n<td>\u00a0\u00a0\u00a0 33,28<\/td>\n<\/tr>\n<tr>\n<td>17<\/td>\n<td>Seniorendienst St.Martin, D<\/td>\n<td>19,17<\/td>\n<td>\u00a0\u00a0\u00a0\u00a0\u00a0\u00a0 8,17<\/td>\n<\/tr>\n<tr>\n<td>18<\/td>\n<td>Mensa Linz, O\u00d6<\/td>\n<td>19,06<\/td>\n<td><\/td>\n<\/tr>\n<tr>\n<td>19<\/td>\n<td>Roncalli-Haus-Magdeburg, D<\/td>\n<td>19,04<\/td>\n<td>\u00a0\u00a0\u00a0 24,85<\/td>\n<\/tr>\n<tr>\n<td>20<\/td>\n<td>Hypo Tirol Bank, Betriebsgastronomie, Tirol<\/td>\n<td>19,00<\/td>\n<td><\/td>\n<\/tr>\n<tr>\n<td>21<\/td>\n<td>Landeskrankenhaus Rohrbach, O\u00d6<\/td>\n<td>19,00<\/td>\n<td><\/td>\n<\/tr>\n<tr>\n<td>22<\/td>\n<td>Pflegeheim Lienz, Tirol<\/td>\n<td>18,64<\/td>\n<td><\/td>\n<\/tr>\n<tr>\n<td>23<\/td>\n<td>Haus Schmelz, KWP, W<\/td>\n<td>18,41<\/td>\n<td>\u00a0\u00a0\u00a0\u00a0 31,69<\/td>\n<\/tr>\n<tr>\n<td>24<\/td>\n<td>Landeskrankenhaus Wr. Neustadt, N\u00d6<\/td>\n<td>18,41<\/td>\n<td>\u00a0 108,00<\/td>\n<\/tr>\n<tr>\n<td>25<\/td>\n<td width=\"303\">Reha-Klinik Glottertal, Baden W\u00fcrttemberg, D<\/td>\n<td>18,22<\/td>\n<td><\/td>\n<\/tr>\n<tr>\n<td>26<\/td>\n<td>Landes Wirtschaftskammer N\u00d6<\/td>\n<td>18,20<\/td>\n<td>\u00a0\u00a0\u00a0\u00a0 12,24<\/td>\n<\/tr>\n<tr>\n<td>27<\/td>\n<td>Jugendheim Waidhofen \/ Y., N\u00d6<\/td>\n<td>18,16<\/td>\n<td><\/td>\n<\/tr>\n<tr>\n<td>28<\/td>\n<td>Pflegeheim Orth a. d. Donau, N\u00d6<\/td>\n<td>18,15<\/td>\n<td><\/td>\n<\/tr>\n<tr>\n<td>29<\/td>\n<td width=\"303\">Reha-Klinik Am Kurpark, Bayern, D<\/td>\n<td>18,14<\/td>\n<td><\/td>\n<\/tr>\n<tr>\n<td>30<\/td>\n<td>Jenbach Betriebsgastronomie, Tirol<\/td>\n<td>18,00<\/td>\n<td><\/td>\n<\/tr>\n<tr>\n<td>31<\/td>\n<td>Haus Rudolfsheim, KWP, W<\/td>\n<td>17,98<\/td>\n<td>\u00a0\u00a0\u00a0 29,03<\/td>\n<\/tr>\n<tr>\n<td>32<\/td>\n<td>Landeskrankenhaus Wagner Jaureg, O\u00d6<\/td>\n<td>17,88<\/td>\n<td><\/td>\n<\/tr>\n<tr>\n<td>33<\/td>\n<td>Landespflegeheim Perchtoldsdorf, N\u00d6<\/td>\n<td>17,81<\/td>\n<td><\/td>\n<\/tr>\n<tr>\n<td>34<\/td>\n<td>LandespflegeheimTulln, N\u00d6<\/td>\n<td>17,79<\/td>\n<td><\/td>\n<\/tr>\n<tr>\n<td>35<\/td>\n<td>Lebenshilfe Springe, D<\/td>\n<td>17,79<\/td>\n<td>\u00a0\u00a0\u00a0\u00a0 21,94<\/td>\n<\/tr>\n<tr>\n<td>36<\/td>\n<td>Landespflegeheim M\u00f6dling, N\u00d6<\/td>\n<td>17,77<\/td>\n<td><\/td>\n<\/tr>\n<tr>\n<td>37<\/td>\n<td>Altenheim Rochlitz, D<\/td>\n<td>17,75<\/td>\n<td><\/td>\n<\/tr>\n<tr>\n<td>38<\/td>\n<td>Landeskrankenhaus Gmunden, O\u00d6<\/td>\n<td>17,69<\/td>\n<td><\/td>\n<\/tr>\n<tr>\n<td>39<\/td>\n<td>Matthias Claudius Altenhilfe e.V, D<\/td>\n<td>17,69<\/td>\n<td>\u00a0\u00a0\u00a0\u00a0 34,58<\/td>\n<\/tr>\n<tr>\n<td>40<\/td>\n<td>Landespflegeheim Hollabrunn, N\u00d6<\/td>\n<td>17,68<\/td>\n<td>\u00a0\u00a0\u00a0\u00a0 99,55<\/td>\n<\/tr>\n<tr>\n<td>41<\/td>\n<td>Haus Wienerberg, KWP, W<\/td>\n<td>17,67<\/td>\n<td>\u00a0\u00a0\u00a0\u00a0 18,49<\/td>\n<\/tr>\n<tr>\n<td>42<\/td>\n<td>Landespflegeheim Neunkirchen, N\u00d6<\/td>\n<td>17,65<\/td>\n<td><\/td>\n<\/tr>\n<tr>\n<td>43<\/td>\n<td>Lebenshilfe Region Stendal, D<\/td>\n<td>17,56<\/td>\n<td>\u00a0\u00a0\u00a0 38,00<\/td>\n<\/tr>\n<tr>\n<td>44<\/td>\n<td width=\"303\">Reha-Klinik Ob der Tauber, Baden W\u00fcrttemberg, D.<\/td>\n<td>17,55<\/td>\n<td><\/td>\n<\/tr>\n<tr>\n<td>45<\/td>\n<td>Landespflegeheim Wilhelmsburg, N\u00d6<\/td>\n<td>17,51<\/td>\n<td><\/td>\n<\/tr>\n<tr>\n<td>46<\/td>\n<td>Landeskrankenhaus Kaiser Franz Josef, Wien<\/td>\n<td>17,50<\/td>\n<td><\/td>\n<\/tr>\n<tr>\n<td>47<\/td>\n<td width=\"303\">Reha-Klinik Isny, Baden W\u00fcttemberg, D.<\/td>\n<td>17,47<\/td>\n<td><\/td>\n<\/tr>\n<tr>\n<td>48<\/td>\n<td>AWO Neustadt\/Coburg, D<\/td>\n<td>17,47<\/td>\n<td>\u00a0\u00a0\u00a0 23,00<\/td>\n<\/tr>\n<tr>\n<td>49<\/td>\n<td>Landespflegeheim Waidhofen \/ Th. N\u00d6<\/td>\n<td>17,47<\/td>\n<td><\/td>\n<\/tr>\n<tr>\n<td>50<\/td>\n<td>Landespflegeheim Amstetten, N\u00d6<\/td>\n<td>17,46<\/td>\n<td><\/td>\n<\/tr>\n<tr>\n<td>51<\/td>\n<td>Landespflegeheim Korneuburg, N\u00d6<\/td>\n<td>17,44<\/td>\n<td><\/td>\n<\/tr>\n<tr>\n<td>52<\/td>\n<td>Landespflegeheim Laa \/ Thaya, N\u00d6<\/td>\n<td>17,43<\/td>\n<td><\/td>\n<\/tr>\n<tr>\n<td>53<\/td>\n<td>Landespflegeheim Gloggnitz, N\u00d6<\/td>\n<td>17,37<\/td>\n<td><\/td>\n<\/tr>\n<tr>\n<td>54<\/td>\n<td>Haus Liebhartstal, KWP, W<\/td>\n<td>17,36<\/td>\n<td>\u00a0\u00a0\u00a0\u00a0 26,23<\/td>\n<\/tr>\n<tr>\n<td>55<\/td>\n<td>MVV Energie AG, D<\/td>\n<td>17,36<\/td>\n<td>\u00a0\u00a0\u00a0 28,04<\/td>\n<\/tr>\n<tr>\n<td>56<\/td>\n<td>Therapie Zentrum Ybbs, N\u00d6<\/td>\n<td>17,36<\/td>\n<td><\/td>\n<\/tr>\n<tr>\n<td>57<\/td>\n<td width=\"303\">Reha-Klinik Donaueschingen, D.<\/td>\n<td>17,34<\/td>\n<td><\/td>\n<\/tr>\n<tr>\n<td>58<\/td>\n<td>Landespflegeheim Zwettl, N\u00d6<\/td>\n<td>17,33<\/td>\n<td><\/td>\n<\/tr>\n<tr>\n<td>59<\/td>\n<td>Landespflegeheim Wr. Neustadt, N\u00d6<\/td>\n<td>17,33<\/td>\n<td><\/td>\n<\/tr>\n<tr>\n<td>60<\/td>\n<td>Landespflegeheim Eggenburg, N\u00d6<\/td>\n<td>17,30<\/td>\n<td><\/td>\n<\/tr>\n<tr>\n<td>61<\/td>\n<td>MAN Diesel Betriebsgastronomie, Hamburg<\/td>\n<td>17,30<\/td>\n<td>\u00a0 \u00a0\u00a0 15,00<\/td>\n<\/tr>\n<tr>\n<td>62<\/td>\n<td>Landespflegeheim G\u00e4nserndorf, N\u00d6<\/td>\n<td>17,29<\/td>\n<td><\/td>\n<\/tr>\n<tr>\n<td>63<\/td>\n<td>Landespflegeheim Berndorf, N\u00d6<\/td>\n<td>17,26<\/td>\n<td><\/td>\n<\/tr>\n<tr>\n<td>64<\/td>\n<td>Landespflegeheim Mank, N\u00d6<\/td>\n<td>17,24<\/td>\n<td><\/td>\n<\/tr>\n<tr>\n<td>65<\/td>\n<td>Landespflegeheim Bad V\u00f6slau, N\u00d6<\/td>\n<td>17,24<\/td>\n<td><\/td>\n<\/tr>\n<tr>\n<td>66<\/td>\n<td>Landeskrankenhaus V\u00f6cklabruck, O\u00d6<\/td>\n<td>17,23<\/td>\n<td><\/td>\n<\/tr>\n<tr>\n<td>67<\/td>\n<td>Pflegeheim St. Carona\/Sch\u00f6pfl<\/td>\n<td>17,22<\/td>\n<td>\u00a0\u00a0\u00a0 73,00<\/td>\n<\/tr>\n<tr>\n<td>68<\/td>\n<td>Kardinal-Hengsbach-Haus , D<\/td>\n<td>17,19<\/td>\n<td>\u00a0\u00a0\u00a0\u00a0 16,00<\/td>\n<\/tr>\n<tr>\n<td>69<\/td>\n<td>Landeskrankenhaus BI<\/td>\n<td>17,18<\/td>\n<td><\/td>\n<\/tr>\n<tr>\n<td>70<\/td>\n<td>Landeskrankenhaus Freistadt<\/td>\n<td>17,16<\/td>\n<td><\/td>\n<\/tr>\n<tr>\n<td>71<\/td>\n<td>Landespflegeheim Zistersdorf, N\u00d6<\/td>\n<td>17,16<\/td>\n<td><\/td>\n<\/tr>\n<tr>\n<td>72<\/td>\n<td>Landespflegeheim Stockerau, N\u00d6<\/td>\n<td>17,15<\/td>\n<td><\/td>\n<\/tr>\n<tr>\n<td>73<\/td>\n<td>Landeskrankenhaus Steyr, O\u00d6<\/td>\n<td>17,14<\/td>\n<td><\/td>\n<\/tr>\n<tr>\n<td>74<\/td>\n<td>Wohnheim Pradl, Tirol<\/td>\n<td>17,12<\/td>\n<td><\/td>\n<\/tr>\n<tr>\n<td>75<\/td>\n<td>Landespflegeheim Ybbs \/ Donau, N\u00d6<\/td>\n<td>17,11<\/td>\n<td><\/td>\n<\/tr>\n<tr>\n<td>76<\/td>\n<td>Landespflegeheim Raabs \/ Thaya, N\u00d6<\/td>\n<td>17,06<\/td>\n<td><\/td>\n<\/tr>\n<tr>\n<td>77<\/td>\n<td>Landespflegeheim Gutenstein, N\u00d6<\/td>\n<td>17,06<\/td>\n<td><\/td>\n<\/tr>\n<tr>\n<td>78<\/td>\n<td>Pflegeheim St. Nikolaus, Parchim, D<\/td>\n<td>17,03<\/td>\n<td>\u00a0\u00a0\u00a0\u00a0 17,00<\/td>\n<\/tr>\n<tr>\n<td>79<\/td>\n<td width=\"303\">Pfeiffer Betriebsrestaurant O\u00d6<\/td>\n<td>17,03<\/td>\n<td><\/td>\n<\/tr>\n<tr>\n<td>80<\/td>\n<td>Landespflegeheim Pottendorf, N\u00d6<\/td>\n<td>17,02<\/td>\n<td><\/td>\n<\/tr>\n<tr>\n<td>81<\/td>\n<td>Chancen Gastro GmbH, N\u00fcrnberg, D<\/td>\n<td>17,01<\/td>\n<td>\u00a0\u00a0\u00a0 18,00<\/td>\n<\/tr>\n<tr>\n<td>82<\/td>\n<td>Griesfeld \u00d6BPB, S\u00fcd Tirol<\/td>\n<td>17,01<\/td>\n<td>\u00a0\u00a0\u00a0 26,00<\/td>\n<\/tr>\n<tr>\n<td>83<\/td>\n<td>Landespflegeheim V\u00f6sendorf, N\u00d6<\/td>\n<td>17,00<\/td>\n<td><\/td>\n<\/tr>\n<tr>\n<td>84<\/td>\n<td>Landespflegeheim Pottenstein, N\u00d6<\/td>\n<td>16,84<\/td>\n<td><\/td>\n<\/tr>\n<tr>\n<td>85<\/td>\n<td>Landespflegeheim Herzogenburg, N\u00d6<\/td>\n<td>16,80<\/td>\n<td><\/td>\n<\/tr>\n<tr>\n<td>86<\/td>\n<td>Landespflegeheim Retz, N\u00d6<\/td>\n<td>16,79<\/td>\n<td><\/td>\n<\/tr>\n<tr>\n<td>87<\/td>\n<td>PH Lisl Peter, S\u00fcd Tirol<\/td>\n<td>16,77<\/td>\n<td>\u00a0\u00a0\u00a0 22,00<\/td>\n<\/tr>\n<tr>\n<td>88<\/td>\n<td>Hochgebirgsklinik Mittelberg, D<\/td>\n<td>16,76<\/td>\n<td>\u00a0\u00a0\u00a0 39,00<\/td>\n<\/tr>\n<tr>\n<td>89<\/td>\n<td>Jugendheim Christkindl \/ Steyr, O\u00d6<\/td>\n<td>16,75<\/td>\n<td><\/td>\n<\/tr>\n<tr>\n<td>90<\/td>\n<td>St.Anna Kinderspital, Wien<\/td>\n<td>16,75<\/td>\n<td><\/td>\n<\/tr>\n<tr>\n<td>91<\/td>\n<td>Haus Waldeseck, D<\/td>\n<td>16,72<\/td>\n<td>\u00a0\u00a0\u00a0\u00a0 14,00<\/td>\n<\/tr>\n<tr>\n<td>92<\/td>\n<td width=\"303\">Reha-Klinik Nordrach, Baden W\u00fcrttemberg, D.<\/td>\n<td>16,66<\/td>\n<td><\/td>\n<\/tr>\n<tr>\n<td>93<\/td>\n<td>Haus Mariahilf, KWP, W<\/td>\n<td>16,62<\/td>\n<td>\u00a0\u00a0\u00a0\u00a0 82,41<\/td>\n<\/tr>\n<tr>\n<td>94<\/td>\n<td>Wiener Pensionisten Wohnhaus Leopoldau, Wien<\/td>\n<td>16,60<\/td>\n<td>\u00a0\u00a0\u00a0\u00a0 42,01<\/td>\n<\/tr>\n<tr>\n<td>95<\/td>\n<td>Matthias Claudius Altenhilfe e.V., D<\/td>\n<td>16,59<\/td>\n<td>\u00a0\u00a0\u00a0 97,00<\/td>\n<\/tr>\n<tr>\n<td>96<\/td>\n<td>Landespflegeheim St.P\u00f6lten, N\u00d6<\/td>\n<td>16,58<\/td>\n<td><\/td>\n<\/tr>\n<tr>\n<td>97<\/td>\n<td>Wohnheim Reichenau, Tirol<\/td>\n<td>16,51<\/td>\n<td><\/td>\n<\/tr>\n<tr>\n<td>98<\/td>\n<td>Landesberufschule Altm\u00fcnster, O\u00d6<\/td>\n<td>16,50<\/td>\n<td><\/td>\n<\/tr>\n<tr>\n<td>99<\/td>\n<td>Krankenhaus Mittersil, Tirol<\/td>\n<td>16,45<\/td>\n<td><\/td>\n<\/tr>\n<tr>\n<td>100<\/td>\n<td>Haus Hetzendorf, KWP, W<\/td>\n<td>16,43<\/td>\n<td>\u00a0\u00a0\u00a0 23,03<\/td>\n<\/tr>\n<\/tbody>\n<\/table>\n","protected":false},"excerpt":{"rendered":"<p>Hier finden Sie die Top 100 der Gemeinschaftsverpflegung. Diese Liste \u00e4ndert sich st\u00e4ndig und dient als Ansporn, ebenfalls in einen fairen Wettbewerb treten zu wollen. Platz Betrieb Kessel-Punkte \u00d6ko-Faktor 1 Altenwohnheim Kitzb\u00fchel, Tirol 20,00 \u00a0\u00a0\u00a0\u00a0\u00a0\u00a0 8,46 2 MAN Diesel Betriebsgastronomie, &hellip; <a href=\"https:\/\/www.mykessel.com\/blog\/?page_id=2720\">Weiterlesen <span class=\"meta-nav\">&rarr;<\/span><\/a><\/p>\n","protected":false},"author":54,"featured_media":0,"parent":0,"menu_order":6,"comment_status":"open","ping_status":"open","template":"","meta":{"footnotes":""},"_links":{"self":[{"href":"https:\/\/www.mykessel.com\/blog\/index.php?rest_route=\/wp\/v2\/pages\/2720"}],"collection":[{"href":"https:\/\/www.mykessel.com\/blog\/index.php?rest_route=\/wp\/v2\/pages"}],"about":[{"href":"https:\/\/www.mykessel.com\/blog\/index.php?rest_route=\/wp\/v2\/types\/page"}],"author":[{"embeddable":true,"href":"https:\/\/www.mykessel.com\/blog\/index.php?rest_route=\/wp\/v2\/users\/54"}],"replies":[{"embeddable":true,"href":"https:\/\/www.mykessel.com\/blog\/index.php?rest_route=%2Fwp%2Fv2%2Fcomments&post=2720"}],"version-history":[{"count":16,"href":"https:\/\/www.mykessel.com\/blog\/index.php?rest_route=\/wp\/v2\/pages\/2720\/revisions"}],"predecessor-version":[{"id":3159,"href":"https:\/\/www.mykessel.com\/blog\/index.php?rest_route=\/wp\/v2\/pages\/2720\/revisions\/3159"}],"wp:attachment":[{"href":"https:\/\/www.mykessel.com\/blog\/index.php?rest_route=%2Fwp%2Fv2%2Fmedia&parent=2720"}],"curies":[{"name":"wp","href":"https:\/\/api.w.org\/{rel}","templated":true}]}}