      
            
      {"id":2618,"date":"2016-10-18T13:59:27","date_gmt":"2016-10-18T12:59:27","guid":{"rendered":"http:\/\/www.mykessel.com\/blog\/?page_id=2618"},"modified":"2016-10-18T13:59:27","modified_gmt":"2016-10-18T12:59:27","slug":"peter-van-melle","status":"publish","type":"page","link":"https:\/\/www.mykessel.com\/blog\/?page_id=2618","title":{"rendered":"Peter van Melle"},"content":{"rendered":"<p><a href=\"http:\/\/www.mykessel.com\/blog\/wp-content\/uploads\/2012\/09\/peterpass_kl.jpg\"><img loading=\"lazy\" decoding=\"async\" class=\"size-full wp-image-977 alignleft\" alt=\"peterpass_kl\" src=\"http:\/\/www.mykessel.com\/blog\/wp-content\/uploads\/2012\/09\/peterpass_kl.jpg\" width=\"135\" height=\"200\" \/><\/a>Peter Paul van Melle ist geb\u00fcrtiger Holl\u00e4nder und arbeitet als Coach, Berater, Buchautor, Seminarleiter in \u00d6sterreich und dem deutschsprachigen Raum. Bekannt gemacht haben ihn die Umsetzung seiner Visionen: Dem M&amp;M System\u00ae, auch als die Kessel-Methode ein Begriff, der \u00d6KO-Faktor und die Online Software MyKessel3.0. Seit \u00fcber 40 Jahren ist Peter van Melle international aktiv; in der Hotellerie, Gastronomie und Gemeinschaftsverpflegung. Sein erstes Buch erschien 2002, \u201eDie Macht der Mitarbeiter\u201c. In 2012 brachte er \u201eDie neue Arbeitswelt 2012 und danach\u2026\u201c heraus.<br \/>\nAls gefragte Redner auf Kongresse und Veranstaltungen begeistert er seinen Zuh\u00f6rer nachhaltig. Mehr unter www.pemcon.at<\/p>\n","protected":false},"excerpt":{"rendered":"<p>Peter Paul van Melle ist geb\u00fcrtiger Holl\u00e4nder und arbeitet als Coach, Berater, Buchautor, Seminarleiter in \u00d6sterreich und dem deutschsprachigen Raum. Bekannt gemacht haben ihn die Umsetzung seiner Visionen: Dem M&amp;M System\u00ae, auch als die Kessel-Methode ein Begriff, der \u00d6KO-Faktor und &hellip; <a href=\"https:\/\/www.mykessel.com\/blog\/?page_id=2618\">Weiterlesen <span class=\"meta-nav\">&rarr;<\/span><\/a><\/p>\n","protected":false},"author":54,"featured_media":0,"parent":515,"menu_order":0,"comment_status":"open","ping_status":"open","template":"","meta":{"footnotes":""},"_links":{"self":[{"href":"https:\/\/www.mykessel.com\/blog\/index.php?rest_route=\/wp\/v2\/pages\/2618"}],"collection":[{"href":"https:\/\/www.mykessel.com\/blog\/index.php?rest_route=\/wp\/v2\/pages"}],"about":[{"href":"https:\/\/www.mykessel.com\/blog\/index.php?rest_route=\/wp\/v2\/types\/page"}],"author":[{"embeddable":true,"href":"https:\/\/www.mykessel.com\/blog\/index.php?rest_route=\/wp\/v2\/users\/54"}],"replies":[{"embeddable":true,"href":"https:\/\/www.mykessel.com\/blog\/index.php?rest_route=%2Fwp%2Fv2%2Fcomments&post=2618"}],"version-history":[{"count":1,"href":"https:\/\/www.mykessel.com\/blog\/index.php?rest_route=\/wp\/v2\/pages\/2618\/revisions"}],"predecessor-version":[{"id":2619,"href":"https:\/\/www.mykessel.com\/blog\/index.php?rest_route=\/wp\/v2\/pages\/2618\/revisions\/2619"}],"up":[{"embeddable":true,"href":"https:\/\/www.mykessel.com\/blog\/index.php?rest_route=\/wp\/v2\/pages\/515"}],"wp:attachment":[{"href":"https:\/\/www.mykessel.com\/blog\/index.php?rest_route=%2Fwp%2Fv2%2Fmedia&parent=2618"}],"curies":[{"name":"wp","href":"https:\/\/api.w.org\/{rel}","templated":true}]}}