      
            
      {"id":2597,"date":"2016-10-06T08:20:58","date_gmt":"2016-10-06T07:20:58","guid":{"rendered":"http:\/\/www.mykessel.com\/blog\/?page_id=2597"},"modified":"2016-10-27T13:42:07","modified_gmt":"2016-10-27T12:42:07","slug":"2597-2","status":"publish","type":"page","link":"https:\/\/www.mykessel.com\/blog\/?page_id=2597","title":{"rendered":"Room Service"},"content":{"rendered":"<p><strong><a href=\"http:\/\/www.pemcon.at\/wp-content\/uploads\/2016\/09\/roomservice.png\"><img loading=\"lazy\" decoding=\"async\" title=\"roomservice\" alt=\"\" src=\"http:\/\/www.pemcon.at\/wp-content\/uploads\/2016\/09\/roomservice-1024x298.png\" width=\"550\" height=\"160\" \/><\/a><\/strong><\/p>\n<p><strong>Room Service in <\/strong><strong>Krankenh\u00e4usern<\/strong><\/p>\n<p>Der Service Gedanke, wie ihn die meisten aus der gehobenen Hotellerie kennen, h\u00e4lt immer mehr Einzug in den Spit\u00e4lern. In Amerika geh\u00f6ren Room Service Abteilungen bereits zum Standard. Nicht nur f\u00fcr Klassepatienten, sondern f\u00fcr alle. Wenn der Gast bereit ist f\u00fcr diese extra Leistung zu zahlen, warum ihm diese verwehren?<\/p>\n<p><strong>Was <\/strong><strong>ist<\/strong><strong> Room Service?<\/strong><\/p>\n<ul>\n<li>Der Patient kann bestellen <strong>was<\/strong> er will und <strong>wann<\/strong> er will, <strong>wenn<\/strong> er von der Room Service Karte bestellt.<\/li>\n<li>\u00c4hnlich dem Room Service eines Hotels.<\/li>\n<\/ul>\n<p><strong>Warum Room Service?<\/strong><\/p>\n<ul>\n<li>Sie erreichen eine sehr hohe Patientenzufriedenheit.<\/li>\n<li>Individuelle W\u00fcnsche werden ber\u00fccksichtigt.<\/li>\n<li>\u201e\u00c0 la carte\u201c Service bedeutet weniger Abfall.<\/li>\n<li>Es verschafft dem Krankenhaus einen gro\u00dfen Marketing Vorteil.<\/li>\n<li>Es bereitet den K\u00f6chen Spa\u00df, in einem restaurant\u00e4hnlichen Umfeld zu arbeiten.<\/li>\n<li>Mehr Umsatz, weniger Kosten.<\/li>\n<\/ul>\n<p><strong>Wie anfangen?<\/strong><\/p>\n<ul>\n<li>Sie beauftragen uns, eine Room Service Machbarkeitsstudie durchzuf\u00fchren.<\/li>\n<li>Die Machbarkeitsstudie beinhaltet:\n<ul>\n<li>Rentabilit\u00e4tsberechnungen<\/li>\n<li>Investitionen<\/li>\n<li>Ger\u00e4tespezifikationen<\/li>\n<li>EDV Anforderungen<\/li>\n<li>Personalbedarf<\/li>\n<li>Ma\u00dfgeschneidertes Room Service Design (Speisekarte)<\/li>\n<\/ul>\n<\/li>\n<li>Bei Genehmigung begleitet Sie Pemcon durch den Prozess bis zur Implementierung.<\/li>\n<\/ul>\n<p><strong>Warum pemcon?<\/strong><\/p>\n<ul>\n<li>Pemcon Mitarbeiter haben jahrelange Erfahrungen und Expertise, sowohl in der Gemeinschaftsverpflegung wie auch der Hotellerie und Gastronomie, um eine reibungslose Implementierung von Room Service zu erm\u00f6glichen.<\/li>\n<li>Normalerweise haben Sie selber zu wenig Zeit und Ressourcen, so ein Projekt erfolgversprechend in Angriff zu nehmen.<\/li>\n<li>Die Implementierung eines Room Service ist \u00e4u\u00dferst komplex, vergleichbar mit der Er\u00f6ffnung eines Restaurants. Warum sollten Sie versuchen das Rad neu zu erfinden? Pemcon bietet das n\u00f6tige Know how und alle Instrumente, die Sie brauchen!<\/li>\n<\/ul>\n","protected":false},"excerpt":{"rendered":"<p>Room Service in Krankenh\u00e4usern Der Service Gedanke, wie ihn die meisten aus der gehobenen Hotellerie kennen, h\u00e4lt immer mehr Einzug in den Spit\u00e4lern. In Amerika geh\u00f6ren Room Service Abteilungen bereits zum Standard. Nicht nur f\u00fcr Klassepatienten, sondern f\u00fcr alle. Wenn &hellip; <a href=\"https:\/\/www.mykessel.com\/blog\/?page_id=2597\">Weiterlesen <span class=\"meta-nav\">&rarr;<\/span><\/a><\/p>\n","protected":false},"author":54,"featured_media":0,"parent":311,"menu_order":1,"comment_status":"open","ping_status":"open","template":"","meta":{"footnotes":""},"_links":{"self":[{"href":"https:\/\/www.mykessel.com\/blog\/index.php?rest_route=\/wp\/v2\/pages\/2597"}],"collection":[{"href":"https:\/\/www.mykessel.com\/blog\/index.php?rest_route=\/wp\/v2\/pages"}],"about":[{"href":"https:\/\/www.mykessel.com\/blog\/index.php?rest_route=\/wp\/v2\/types\/page"}],"author":[{"embeddable":true,"href":"https:\/\/www.mykessel.com\/blog\/index.php?rest_route=\/wp\/v2\/users\/54"}],"replies":[{"embeddable":true,"href":"https:\/\/www.mykessel.com\/blog\/index.php?rest_route=%2Fwp%2Fv2%2Fcomments&post=2597"}],"version-history":[{"count":3,"href":"https:\/\/www.mykessel.com\/blog\/index.php?rest_route=\/wp\/v2\/pages\/2597\/revisions"}],"predecessor-version":[{"id":2635,"href":"https:\/\/www.mykessel.com\/blog\/index.php?rest_route=\/wp\/v2\/pages\/2597\/revisions\/2635"}],"up":[{"embeddable":true,"href":"https:\/\/www.mykessel.com\/blog\/index.php?rest_route=\/wp\/v2\/pages\/311"}],"wp:attachment":[{"href":"https:\/\/www.mykessel.com\/blog\/index.php?rest_route=%2Fwp%2Fv2%2Fmedia&parent=2597"}],"curies":[{"name":"wp","href":"https:\/\/api.w.org\/{rel}","templated":true}]}}