      
            
      {"id":251,"date":"2012-01-24T17:00:30","date_gmt":"2012-01-24T16:00:30","guid":{"rendered":"http:\/\/www.mykessel.com\/blog\/?page_id=251"},"modified":"2012-10-08T13:48:47","modified_gmt":"2012-10-08T12:48:47","slug":"arbeitsbuch-vision-ziel-tat","status":"publish","type":"page","link":"https:\/\/www.mykessel.com\/blog\/?page_id=251","title":{"rendered":"Arbeitsbuch Vision, Ziel, Tat"},"content":{"rendered":"<p><a href=\"http:\/\/www.mykessel.com\/blog\/wp-content\/uploads\/2012\/01\/CoverArbeitsbuch4.jpg\"><img loading=\"lazy\" decoding=\"async\" class=\"alignleft size-medium wp-image-258\" title=\"CoverArbeitsbuch\" src=\"http:\/\/www.mykessel.com\/blog\/wp-content\/uploads\/2012\/01\/CoverArbeitsbuch4-215x300.jpg\" alt=\"\" width=\"215\" height=\"300\" srcset=\"https:\/\/www.mykessel.com\/blog\/wp-content\/uploads\/2012\/01\/CoverArbeitsbuch4-215x300.jpg 215w, https:\/\/www.mykessel.com\/blog\/wp-content\/uploads\/2012\/01\/CoverArbeitsbuch4.jpg 514w\" sizes=\"(max-width: 215px) 100vw, 215px\" \/><\/a>Dieses Arbeitsbuch ist f\u00fcr F\u00fchrungskr\u00e4fte und Mitarbeiter, die einen Unterschied machen wollen. Die die Initiative ergreifen, um sich und ihre Branche nachhaltig zu ver\u00e4ndern. Sie erhalten hiermit den Schl\u00fcssel zum Erfolg, aufsperren m\u00fcssen Sie aber selber.<\/p>\n<p>Wenn wir unsere Lebensaufgabe erkannt haben und schriftlich festhalten, nehmen die geheimnisvollen F\u00fcgungen in unserem Leben zu, durch die wir zu unserer Bestimmung hingeleitet werden. Seien Sie aufmerksam und voller Erwartungen. Und Ihren Tr\u00e4ume, W\u00fcnsche und Ziele werden sich in einem Tempo verwirklichen, wie Sie es nie f\u00fcr m\u00f6glich gehalten h\u00e4tten.\u00a0 Das ist Magie!Alles, was Sie daf\u00fcr tun m\u00fcssen, steht in diesem Arbeitsbuch&#8230;<\/p>\n<p><strong>Preis: \u20ac 12,&#8211;\u00a0 Inkl. MwSt.<\/strong><\/p>\n<p><a title=\"Opens window for sending email\" href=\"javascript:linkTo_UnCryptMailto('nbjmup+wbo.nfmmfAnzlfttfm\/dpn');\"><strong>Bestellen Sie jetzt!<\/strong><\/a><\/p>\n","protected":false},"excerpt":{"rendered":"<p>Dieses Arbeitsbuch ist f\u00fcr F\u00fchrungskr\u00e4fte und Mitarbeiter, die einen Unterschied machen wollen. Die die Initiative ergreifen, um sich und ihre Branche nachhaltig zu ver\u00e4ndern. Sie erhalten hiermit den Schl\u00fcssel zum Erfolg, aufsperren m\u00fcssen Sie aber selber. Wenn wir unsere Lebensaufgabe &hellip; <a href=\"https:\/\/www.mykessel.com\/blog\/?page_id=251\">Weiterlesen <span class=\"meta-nav\">&rarr;<\/span><\/a><\/p>\n","protected":false},"author":54,"featured_media":0,"parent":134,"menu_order":0,"comment_status":"open","ping_status":"open","template":"","meta":{"footnotes":""},"_links":{"self":[{"href":"https:\/\/www.mykessel.com\/blog\/index.php?rest_route=\/wp\/v2\/pages\/251"}],"collection":[{"href":"https:\/\/www.mykessel.com\/blog\/index.php?rest_route=\/wp\/v2\/pages"}],"about":[{"href":"https:\/\/www.mykessel.com\/blog\/index.php?rest_route=\/wp\/v2\/types\/page"}],"author":[{"embeddable":true,"href":"https:\/\/www.mykessel.com\/blog\/index.php?rest_route=\/wp\/v2\/users\/54"}],"replies":[{"embeddable":true,"href":"https:\/\/www.mykessel.com\/blog\/index.php?rest_route=%2Fwp%2Fv2%2Fcomments&post=251"}],"version-history":[{"count":5,"href":"https:\/\/www.mykessel.com\/blog\/index.php?rest_route=\/wp\/v2\/pages\/251\/revisions"}],"predecessor-version":[{"id":1048,"href":"https:\/\/www.mykessel.com\/blog\/index.php?rest_route=\/wp\/v2\/pages\/251\/revisions\/1048"}],"up":[{"embeddable":true,"href":"https:\/\/www.mykessel.com\/blog\/index.php?rest_route=\/wp\/v2\/pages\/134"}],"wp:attachment":[{"href":"https:\/\/www.mykessel.com\/blog\/index.php?rest_route=%2Fwp%2Fv2%2Fmedia&parent=251"}],"curies":[{"name":"wp","href":"https:\/\/api.w.org\/{rel}","templated":true}]}}