      
            
      {"id":214,"date":"2012-01-24T11:11:56","date_gmt":"2012-01-24T10:11:56","guid":{"rendered":"http:\/\/www.mykessel.com\/blog\/?page_id=214"},"modified":"2013-03-21T11:13:40","modified_gmt":"2013-03-21T10:13:40","slug":"von-angsthase-zum-gluckspilz","status":"publish","type":"page","link":"https:\/\/www.mykessel.com\/blog\/?page_id=214","title":{"rendered":"Vom Angsthasen zum Gl\u00fcckspilz"},"content":{"rendered":"<p><strong><a href=\"http:\/\/www.mykessel.com\/blog\/wp-content\/uploads\/2012\/01\/Cover-1.jpg\"><img loading=\"lazy\" decoding=\"async\" class=\"alignleft size-medium wp-image-215\" title=\"Cover-1\" alt=\"\" src=\"http:\/\/www.mykessel.com\/blog\/wp-content\/uploads\/2012\/01\/Cover-1-233x300.jpg\" width=\"233\" height=\"300\" srcset=\"https:\/\/www.mykessel.com\/blog\/wp-content\/uploads\/2012\/01\/Cover-1-233x300.jpg 233w, https:\/\/www.mykessel.com\/blog\/wp-content\/uploads\/2012\/01\/Cover-1.jpg 489w\" sizes=\"(max-width: 233px) 100vw, 233px\" \/><\/a><\/strong>In unserer schnelllebigen und leistungsorientierten Welt, wo keine Zeit f\u00fcr die wirklich wichtigen Dinge im Leben bleibt, vermittelt Molly mit ihrem innigsten Wunsch, ein Gl\u00fcckspilz zu sein, die Zusammenh\u00e4nge des Lebens.<\/p>\n<p>Molly, die kleine H\u00e4sin, ist anf\u00e4nglich ein typischer Angsthase und macht sich \u00fcber alles und jeden Sorgen. Eines Tages beschlie\u00dft sie, ihr Dasein selbst in die Hand zu nehmen und begibt sich auf die Suche nach dem wahren Gl\u00fcck. Tatkr\u00e4ftige Hilfe erf\u00e4hrt sie dabei von Herrn Eule und der Waldfee Salina, die sie Schritt f\u00fcr Schritt auf ihrem Weg begleiten.<\/p>\n<p>Angst ist sicher eines der gro\u00dfen Themen unserer Zeit. Egal, wohin wir uns wenden, die offensichtlich oder unbewusst vermittelten Probleme des Alltags sorgen bei vielen Menschen, ob jung oder alt, zu schlaflosen N\u00e4chten. Die Geschichte von Molly zeigt uns, dass jeder Einzelne f\u00fcr sein Gl\u00fcck verantwortlich ist. Der Mut, etwas Neues auszuprobieren, steckt in jedem von uns. Gerade Heute, wo sich so viele von den Zw\u00e4ngen des angstdominierten Systems befreien wollen, ist dieses herzerw\u00e4rmende Gleichnis hilfreich. Es kann sofort und jederzeit umgesetzt werden.<\/p>\n<p>Geschichten und Parabeln sind m\u00e4chtige Werkzeuge, um sowohl bei Kindern, als auch bei Erwachsenen Botschaften zu \u00fcbermitteln. Kinder f\u00fchlen intuitiv, ob etwas stimmig ist oder nicht. In ihrer Fantasie erleben sie die Geschichte viel intensiver und identifizieren sich mit den Figuren. Ein Fachbuch oder Ratgeber hingegen ist eine Auflistung von Fakten und Erfahrungen und versucht durch Logik seine Leser von einer bestimmten Methode zu \u00fcberzeugen. Es richtet sich an die linke Gehirnh\u00e4lfte, wobei eine Geschichte die rechte Gehirnh\u00e4lfte anspricht. Dort wo Fantasie, Gef\u00fchle und Kreativit\u00e4t zu Hause sind.<\/p>\n<p>Allen (Vor-)Lesern, den Kleinen und den Gro\u00dfen, w\u00fcnsche ich nun viel Spa\u00df mit der Titelheldin dieser Geschichte &#8211; \u201eMolly\u201c.<\/p>\n<p>Herzlichst Ihr<\/p>\n<p>Peter Paul van Melle<\/p>\n<p><strong><a title=\"Opens external link in new window\" href=\"http:\/\/www.amazon.de\/dp\/B005HAMXDA\">JETZT ALS E-BOOK\u00a0BEI AMAZON BESTELLEN<\/a>\u00a0: Preis: \u20ac 4,46 inkl. MwSt.<\/strong><\/p>\n<p>Oder wenn Sie keinen Ebook-reader haben k\u00f6nnen Sie \u00fcber <a href=\"mailto:zentrale@mykessel.com\">zentrale@mykessel.com<\/a> einen CD um \u20ac 10,&#8211; inkl. MwSt. bestellen.<\/p>\n","protected":false},"excerpt":{"rendered":"<p>In unserer schnelllebigen und leistungsorientierten Welt, wo keine Zeit f\u00fcr die wirklich wichtigen Dinge im Leben bleibt, vermittelt Molly mit ihrem innigsten Wunsch, ein Gl\u00fcckspilz zu sein, die Zusammenh\u00e4nge des Lebens. Molly, die kleine H\u00e4sin, ist anf\u00e4nglich ein typischer Angsthase &hellip; <a href=\"https:\/\/www.mykessel.com\/blog\/?page_id=214\">Weiterlesen <span class=\"meta-nav\">&rarr;<\/span><\/a><\/p>\n","protected":false},"author":54,"featured_media":215,"parent":134,"menu_order":0,"comment_status":"open","ping_status":"open","template":"","meta":{"footnotes":""},"_links":{"self":[{"href":"https:\/\/www.mykessel.com\/blog\/index.php?rest_route=\/wp\/v2\/pages\/214"}],"collection":[{"href":"https:\/\/www.mykessel.com\/blog\/index.php?rest_route=\/wp\/v2\/pages"}],"about":[{"href":"https:\/\/www.mykessel.com\/blog\/index.php?rest_route=\/wp\/v2\/types\/page"}],"author":[{"embeddable":true,"href":"https:\/\/www.mykessel.com\/blog\/index.php?rest_route=\/wp\/v2\/users\/54"}],"replies":[{"embeddable":true,"href":"https:\/\/www.mykessel.com\/blog\/index.php?rest_route=%2Fwp%2Fv2%2Fcomments&post=214"}],"version-history":[{"count":6,"href":"https:\/\/www.mykessel.com\/blog\/index.php?rest_route=\/wp\/v2\/pages\/214\/revisions"}],"predecessor-version":[{"id":1515,"href":"https:\/\/www.mykessel.com\/blog\/index.php?rest_route=\/wp\/v2\/pages\/214\/revisions\/1515"}],"up":[{"embeddable":true,"href":"https:\/\/www.mykessel.com\/blog\/index.php?rest_route=\/wp\/v2\/pages\/134"}],"wp:featuredmedia":[{"embeddable":true,"href":"https:\/\/www.mykessel.com\/blog\/index.php?rest_route=\/wp\/v2\/media\/215"}],"wp:attachment":[{"href":"https:\/\/www.mykessel.com\/blog\/index.php?rest_route=%2Fwp%2Fv2%2Fmedia&parent=214"}],"curies":[{"name":"wp","href":"https:\/\/api.w.org\/{rel}","templated":true}]}}