      
            
      {"id":2044,"date":"2013-11-11T17:12:05","date_gmt":"2013-11-11T16:12:05","guid":{"rendered":"http:\/\/www.mykessel.com\/blog\/?page_id=2044"},"modified":"2013-11-11T17:12:28","modified_gmt":"2013-11-11T16:12:28","slug":"der-kessel","status":"publish","type":"page","link":"https:\/\/www.mykessel.com\/blog\/?page_id=2044","title":{"rendered":"Der Kessel"},"content":{"rendered":"<p>Ca. 10.000 v<b><a href=\"http:\/\/www.mykessel.com\/blog\/wp-content\/uploads\/2013\/11\/kessel_image.png\"><img loading=\"lazy\" decoding=\"async\" class=\"alignleft size-medium wp-image-2033\" alt=\"kessel_image\" src=\"http:\/\/www.mykessel.com\/blog\/wp-content\/uploads\/2013\/11\/kessel_image-231x300.png\" width=\"109\" height=\"142\" srcset=\"https:\/\/www.mykessel.com\/blog\/wp-content\/uploads\/2013\/11\/kessel_image-231x300.png 231w, https:\/\/www.mykessel.com\/blog\/wp-content\/uploads\/2013\/11\/kessel_image-790x1024.png 790w\" sizes=\"(max-width: 109px) 100vw, 109px\" \/><\/a><\/b>or Christus entwickelten die Menschen der Jungsteinzeit das erste Gef\u00e4\u00df f\u00fcr die Nahrungszubereitung: <b>den Kessel<\/b>. In den darauf folgenden Zeiten, wo auf offenem Feuer gekocht wurde, besa\u00df jede Familie einen Kessel, in dem die Frauen Speisen zuerst sammelten und danach zubereiteten.<\/p>\n<p>Der Kessel wurde zum Symbol f\u00fcr den Herd, der damals gleichzeitig der Altar des Hauses darstellte, an dem man die Schutzg\u00f6tter und \u2013Geister der Familie verehrte. Und er wurde selbst zu einem Gef\u00e4\u00df der Verehrung, zum Scho\u00df der Gro\u00dfen G\u00f6ttin, zum Symbol f\u00fcr <b>Transformation und Wiedergeburt<\/b>.<\/p>\n<p>Die Christen f\u00fchrten in ihrer Religion ein eigenes Gef\u00e4\u00df der G\u00f6ttlichkeit und Symbol f\u00fcr die Wiedergeburt ein: den Kelch Christi. Im Heiligen Gral finden sich alle wesentlichen Attribute des Kessels wieder: Ein rundes, aufnehmendes Gef\u00e4\u00df, das <b>Lebenskraft<\/b> \u00fcbertr\u00e4gt, indem er die in ihm enthaltenen Ingredienzien verwandelt und die aus ihm Trinkenden eint.<\/p>\n<p>Das Motiv der <b>einenden Wirkung<\/b> des gemeinsamen Essens und Trinkens aus dem \u201en\u00e4hrenden\u201c Gef\u00e4\u00df ist bis heute erhalten, in verschiedenen Hochzeitsbr\u00e4uchen ebenso wie im \u201eBierstiefeltrinken\u201c und in der katholischen Messe, wenn w\u00e4hrend der gemeinsamen Kommunion die Hostien als symbolischer Leib Christi aus dem Kelch verteilt und verzehrt werden.<\/p>\n<p>Auch kennen wir den Kessel als Gef\u00e4\u00df am Ende des Regenbogens, prall gef\u00fcllt mit Gold oder als Beh\u00e4lter f\u00fcr einen magischen Zaubertrank, der<b> ungeahnte Kr\u00e4fte<\/b> freisetzt, wie bei Asterix und Obelix.<\/p>\n<p><b>Kurz, ein Symbol, w\u00fcrdig f\u00fcr die Gemeinwohl-Gastronomie\u2026<\/b><\/p>\n","protected":false},"excerpt":{"rendered":"<p>Ca. 10.000 vor Christus entwickelten die Menschen der Jungsteinzeit das erste Gef\u00e4\u00df f\u00fcr die Nahrungszubereitung: den Kessel. In den darauf folgenden Zeiten, wo auf offenem Feuer gekocht wurde, besa\u00df jede Familie einen Kessel, in dem die Frauen Speisen zuerst sammelten &hellip; <a href=\"https:\/\/www.mykessel.com\/blog\/?page_id=2044\">Weiterlesen <span class=\"meta-nav\">&rarr;<\/span><\/a><\/p>\n","protected":false},"author":54,"featured_media":0,"parent":1520,"menu_order":0,"comment_status":"open","ping_status":"closed","template":"","meta":{"footnotes":""},"_links":{"self":[{"href":"https:\/\/www.mykessel.com\/blog\/index.php?rest_route=\/wp\/v2\/pages\/2044"}],"collection":[{"href":"https:\/\/www.mykessel.com\/blog\/index.php?rest_route=\/wp\/v2\/pages"}],"about":[{"href":"https:\/\/www.mykessel.com\/blog\/index.php?rest_route=\/wp\/v2\/types\/page"}],"author":[{"embeddable":true,"href":"https:\/\/www.mykessel.com\/blog\/index.php?rest_route=\/wp\/v2\/users\/54"}],"replies":[{"embeddable":true,"href":"https:\/\/www.mykessel.com\/blog\/index.php?rest_route=%2Fwp%2Fv2%2Fcomments&post=2044"}],"version-history":[{"count":2,"href":"https:\/\/www.mykessel.com\/blog\/index.php?rest_route=\/wp\/v2\/pages\/2044\/revisions"}],"predecessor-version":[{"id":2046,"href":"https:\/\/www.mykessel.com\/blog\/index.php?rest_route=\/wp\/v2\/pages\/2044\/revisions\/2046"}],"up":[{"embeddable":true,"href":"https:\/\/www.mykessel.com\/blog\/index.php?rest_route=\/wp\/v2\/pages\/1520"}],"wp:attachment":[{"href":"https:\/\/www.mykessel.com\/blog\/index.php?rest_route=%2Fwp%2Fv2%2Fmedia&parent=2044"}],"curies":[{"name":"wp","href":"https:\/\/api.w.org\/{rel}","templated":true}]}}