      
            
      {"id":2000,"date":"2013-10-14T12:32:00","date_gmt":"2013-10-14T11:32:00","guid":{"rendered":"http:\/\/www.mykessel.com\/blog\/?page_id=2000"},"modified":"2014-09-08T12:02:16","modified_gmt":"2014-09-08T11:02:16","slug":"mykessel-startup-paket","status":"publish","type":"page","link":"https:\/\/www.mykessel.com\/blog\/?page_id=2000","title":{"rendered":"MyKessel- Startup-Paket"},"content":{"rendered":"<p><a href=\"http:\/\/www.mykessel.com\/blog\/wp-content\/uploads\/2013\/10\/Startup.jpg\"><img loading=\"lazy\" decoding=\"async\" class=\"alignleft size-full wp-image-2001\" alt=\"Startup\" src=\"http:\/\/www.mykessel.com\/blog\/wp-content\/uploads\/2013\/10\/Startup.jpg\" width=\"280\" height=\"149\" \/><\/a>Sind Sie noch unschl\u00fcssig, ob die Kessel-Methode auch Ihrem Betrieb helfen kann? Sie sind \u00fcberzeugt, aber Ihre Mannschaft ist noch skeptisch? Sie m\u00f6chten mehr \u00fcber die m\u00f6glichen Auswirkungen wissen, die eine Zertifizierung auf Ihren Betrieb hat? Kommen au\u00dfer der Lizenzgeb\u00fchr und den Zertifizierungskosten noch weitere Kosten auf uns zu?<\/p>\n<p>Im Vorfeld gibt es viele Fragen. Einige davon finden Sie unter \u201e<a href=\"http:\/\/www.mykessel.com\/blog\/?page_id=1670\">h\u00e4ufig gestellte Fragen<\/a>\u201c, aber trotzdem bevorzugen viele ein pers\u00f6nliches Gespr\u00e4ch vor Ort. Ein erstes Kennenlernen bevor das Abenteuer <a href=\"http:\/\/www.mykessel.com\/blog\/?page_id=223\">MyKessel<\/a> eingegangen wird.<\/p>\n<p>Aus diesem Grund bieten wir Ihnen das Startup-Paket an. Hier kommt der <a href=\"http:\/\/www.mykessel.com\/blog\/?page_id=515\">Auditor<\/a> zu Ihnen ins Haus und bespricht mit Ihnen alle relevanten Punkte. Auch eine Kurzpr\u00e4sentation f\u00fcr die ganze Mannschaft kann bei diesem Treffen sehr hilfreich sein, um eventuelle Bedenken und Zweifel zu besprechen. Spezifische W\u00fcnsche oder Begebenheiten k\u00f6nnen so diskutiert und ber\u00fccksichtigt werden. Zur Kurzpr\u00e4sentation k\u00f6nnen gerne die Pflege, der Betriebsrat oder andere Abteilungen eingeladen werden.<\/p>\n<p>Die Entscheidung f\u00fcr eine Qualit\u00e4tssicherung sollte nach reiflicher \u00dcberlegung getroffen werden. Wir wollen eine langfristige Partnerschaft eingehen und da muss die \u201eChemie\u201c einfach stimmen.<\/p>\n<p>W\u00e4hlen Sie Ihren <a href=\"http:\/\/www.mykessel.com\/blog\/?page_id=515\">Auditor<\/a> aus und vereinbaren Sie einen Termin. Sie wissen: \u201eGute Vorbereitung ist der halbe Arbeit\u201c.<\/p>\n<p>&nbsp;<\/p>\n","protected":false},"excerpt":{"rendered":"<p>Sind Sie noch unschl\u00fcssig, ob die Kessel-Methode auch Ihrem Betrieb helfen kann? Sie sind \u00fcberzeugt, aber Ihre Mannschaft ist noch skeptisch? Sie m\u00f6chten mehr \u00fcber die m\u00f6glichen Auswirkungen wissen, die eine Zertifizierung auf Ihren Betrieb hat? Kommen au\u00dfer der Lizenzgeb\u00fchr &hellip; <a href=\"https:\/\/www.mykessel.com\/blog\/?page_id=2000\">Weiterlesen <span class=\"meta-nav\">&rarr;<\/span><\/a><\/p>\n","protected":false},"author":54,"featured_media":0,"parent":223,"menu_order":3,"comment_status":"open","ping_status":"closed","template":"","meta":{"footnotes":""},"_links":{"self":[{"href":"https:\/\/www.mykessel.com\/blog\/index.php?rest_route=\/wp\/v2\/pages\/2000"}],"collection":[{"href":"https:\/\/www.mykessel.com\/blog\/index.php?rest_route=\/wp\/v2\/pages"}],"about":[{"href":"https:\/\/www.mykessel.com\/blog\/index.php?rest_route=\/wp\/v2\/types\/page"}],"author":[{"embeddable":true,"href":"https:\/\/www.mykessel.com\/blog\/index.php?rest_route=\/wp\/v2\/users\/54"}],"replies":[{"embeddable":true,"href":"https:\/\/www.mykessel.com\/blog\/index.php?rest_route=%2Fwp%2Fv2%2Fcomments&post=2000"}],"version-history":[{"count":5,"href":"https:\/\/www.mykessel.com\/blog\/index.php?rest_route=\/wp\/v2\/pages\/2000\/revisions"}],"predecessor-version":[{"id":2436,"href":"https:\/\/www.mykessel.com\/blog\/index.php?rest_route=\/wp\/v2\/pages\/2000\/revisions\/2436"}],"up":[{"embeddable":true,"href":"https:\/\/www.mykessel.com\/blog\/index.php?rest_route=\/wp\/v2\/pages\/223"}],"wp:attachment":[{"href":"https:\/\/www.mykessel.com\/blog\/index.php?rest_route=%2Fwp%2Fv2%2Fmedia&parent=2000"}],"curies":[{"name":"wp","href":"https:\/\/api.w.org\/{rel}","templated":true}]}}