      
            
      {"id":1622,"date":"2013-05-22T17:04:15","date_gmt":"2013-05-22T16:04:15","guid":{"rendered":"http:\/\/www.mykessel.com\/blog\/?page_id=1622"},"modified":"2014-02-19T12:40:57","modified_gmt":"2014-02-19T11:40:57","slug":"1622-2","status":"publish","type":"page","link":"https:\/\/www.mykessel.com\/blog\/?page_id=1622","title":{"rendered":"Verbundenheit &#038; Wachstum"},"content":{"rendered":"<p><strong>BESSER WERDEN\u00a0in der Gemein<span style=\"color: #ff6600;\">wohl<\/span>gastronomie<\/strong><\/p>\n<p><span style=\"color: #ff6600;\"><b>H<\/b><\/span>atten Sie jemals das Gef\u00fchl, mehr erreichen zu k\u00f6nnen? Dass in Ihnen eine Kraft steckt, die darauf wartet freigesetzt zu werden? Sind Sie es leid immer \u00fcber Einsparungen nachdenken zu m\u00fcssen und wollen endlich Ihr Potenzial voll entfalten? Dieser Vortrag kann alles \u00e4ndern. Er kann der Startschuss f\u00fcr mehr Freude und Spa\u00df an der Arbeit sein. Er wird Ihrer Arbeit neuen Sinn geben und ungeahnte Energien freisetzen. Als Coach &amp; Trainer\u00a0hat Peter van Melle schon Tausende inspiriert, ermutigt und begeistert. Seine Methoden sind nachhaltig und einfach umzusetzen. Die <b><i>Verbundenheit &amp; Wachstum\u00a0Vortrag <\/i><\/b>beinhaltet alle Geheimnisse, die Sie f\u00fcr Ihren Erfolg brauchen.<\/p>\n<p><b><span style=\"color: #ff6600;\">Das Ziel<\/span>: <\/b>Weg von der Gemeinschaftsverpflegung &#8211; hin zu einer <b>Gemein<\/b><span style=\"color: #ff6600;\"><b>woh<\/b><b>l<\/b><\/span><b>gastronomie<\/b>. Peter van Melle schildert eine v\u00f6llig neue Ansatzweise f\u00fcr Gro\u00dfk\u00fcchen. Diese bedeutet jedoch ein Umdenken aller Beteiligten. Sie erfordert Mut neue Wege zu gehen. Viele sind diesen Weg schon gegangen und geh\u00f6ren mittlerweile zu den Besten in der Branche. Wie auch Sie dieses Ziel erreichen k\u00f6nnen, erfahren Sie in diesem Vortrag.<\/p>\n<p><span style=\"color: #ff6600;\"><b>F\u00fcr wen? <\/b><\/span>Es geht nur miteinander! Daher sind alle, die f\u00fcr das Gemeinwohl ihrer Kunden zust\u00e4ndig sind, eingeladen. Das hei\u00dft z.B., dass von einem Pflegeheim die K\u00fcchenleiterIn, PflegedienstleiterIn <span style=\"text-decoration: underline;\">und<\/span> der\/die HeimleiterIn gemeinsam kommen sollten. Bei einem Krankenhaus ist auch der\/die VerwaltungsdirektorIn gefragt und bei einem Betriebs-restaurant der\/die PersonalchefIn. Noch effektiver w\u00e4re es, <b><span style=\"text-decoration: underline;\">alle<\/span> <\/b>Mitarbeiter mitzunehmen. <b>Verbundenheit<\/b> ist das Thema und nur wer sich verbindet kann auch wachsen. Schlie\u00dflich sind wir Menschen auf <b>Wachstum<\/b> \u201eprogrammiert\u201c!<\/p>\n<p><iframe loading=\"lazy\" src=\"http:\/\/www.youtube.com\/embed\/wb37cU2mihc?feature=player_detailpage\" height=\"360\" width=\"640\" allowfullscreen=\"\" frameborder=\"0\"><\/iframe><\/p>\n","protected":false},"excerpt":{"rendered":"<p>BESSER WERDEN\u00a0in der Gemeinwohlgastronomie Hatten Sie jemals das Gef\u00fchl, mehr erreichen zu k\u00f6nnen? Dass in Ihnen eine Kraft steckt, die darauf wartet freigesetzt zu werden? Sind Sie es leid immer \u00fcber Einsparungen nachdenken zu m\u00fcssen und wollen endlich Ihr Potenzial &hellip; <a href=\"https:\/\/www.mykessel.com\/blog\/?page_id=1622\">Weiterlesen <span class=\"meta-nav\">&rarr;<\/span><\/a><\/p>\n","protected":false},"author":54,"featured_media":234,"parent":130,"menu_order":0,"comment_status":"open","ping_status":"closed","template":"","meta":{"footnotes":""},"_links":{"self":[{"href":"https:\/\/www.mykessel.com\/blog\/index.php?rest_route=\/wp\/v2\/pages\/1622"}],"collection":[{"href":"https:\/\/www.mykessel.com\/blog\/index.php?rest_route=\/wp\/v2\/pages"}],"about":[{"href":"https:\/\/www.mykessel.com\/blog\/index.php?rest_route=\/wp\/v2\/types\/page"}],"author":[{"embeddable":true,"href":"https:\/\/www.mykessel.com\/blog\/index.php?rest_route=\/wp\/v2\/users\/54"}],"replies":[{"embeddable":true,"href":"https:\/\/www.mykessel.com\/blog\/index.php?rest_route=%2Fwp%2Fv2%2Fcomments&post=1622"}],"version-history":[{"count":32,"href":"https:\/\/www.mykessel.com\/blog\/index.php?rest_route=\/wp\/v2\/pages\/1622\/revisions"}],"predecessor-version":[{"id":2230,"href":"https:\/\/www.mykessel.com\/blog\/index.php?rest_route=\/wp\/v2\/pages\/1622\/revisions\/2230"}],"up":[{"embeddable":true,"href":"https:\/\/www.mykessel.com\/blog\/index.php?rest_route=\/wp\/v2\/pages\/130"}],"wp:featuredmedia":[{"embeddable":true,"href":"https:\/\/www.mykessel.com\/blog\/index.php?rest_route=\/wp\/v2\/media\/234"}],"wp:attachment":[{"href":"https:\/\/www.mykessel.com\/blog\/index.php?rest_route=%2Fwp%2Fv2%2Fmedia&parent=1622"}],"curies":[{"name":"wp","href":"https:\/\/api.w.org\/{rel}","templated":true}]}}