      
            
      {"id":134,"date":"2012-01-23T12:07:01","date_gmt":"2012-01-23T11:07:01","guid":{"rendered":"http:\/\/www.mykessel.com\/blog\/?page_id=134"},"modified":"2013-03-25T14:34:39","modified_gmt":"2013-03-25T13:34:39","slug":"books","status":"publish","type":"page","link":"https:\/\/www.mykessel.com\/blog\/?page_id=134","title":{"rendered":"Books"},"content":{"rendered":"<h1><span style=\"color: #800000;\"><strong><a href=\"http:\/\/www.mykessel.com\/blog\/wp-content\/uploads\/2012\/01\/BuchHWTNEU.jpg\"><img loading=\"lazy\" decoding=\"async\" class=\"alignleft size-medium wp-image-409\" title=\"BuchHWTNEU\" src=\"http:\/\/www.mykessel.com\/blog\/wp-content\/uploads\/2012\/01\/BuchHWTNEU-190x300.jpg\" alt=\"\" width=\"190\" height=\"300\" srcset=\"https:\/\/www.mykessel.com\/blog\/wp-content\/uploads\/2012\/01\/BuchHWTNEU-190x300.jpg 190w, https:\/\/www.mykessel.com\/blog\/wp-content\/uploads\/2012\/01\/BuchHWTNEU.jpg 342w\" sizes=\"(max-width: 190px) 100vw, 190px\" \/><\/a>Was w\u00e4re wenn?<\/strong><\/span><\/h1>\n<p>Was w\u00e4re, wenn Sie sich erfolgreich bei einer Firma bewerben und Sie ein kleines Buch in die Hand bekommen mit der Bitte es auch sorgf\u00e4ltig durchzulesen. Darauf steht: <strong>Herzlich willkommen im Team\u2026?<\/strong><\/p>\n<p>Vermutlich werden Sie denken: \u201eOh wie nett! Darin finde ich wahrscheinlich, wie toll die Firma ist und \u00e4hnliche Beweihr\u00e4ucherungen\u201c. Sie packen es mit dem Rest der Unterlagen ein und machen sich auf den Weg nach Hause. Am Abend f\u00e4llt Ihnen das B\u00fcchlein wieder ein und Sie setzen sich zum Durchbl\u00e4ttern nieder. Mit jeder Seite w\u00e4chst Ihr Interesse, Ihre Begeisterung, Ihr Erstaunen und Sie beginnen tats\u00e4chlich zu lesen. Aber dann schwingt pl\u00f6tzlich auch ein wenig Angst mit. \u201eSo habe ich das bis jetzt noch nicht gesehen. Grunds\u00e4tzlich haben <em>die<\/em> ja v\u00f6llig recht. Wenn alle Firmen so agieren w\u00fcrden, h\u00e4tten wir die meisten Pro\u00adbleme dieser Welt sofort gel\u00f6st.\u201c<\/p>\n<p>Die hundertzwanzig Seiten sind im Nu verschlungen. Am n\u00e4chsten Tag setzen Sie sich nochmals hin, diesmal mit Kugelschreiber und Papier, um das Gelesene in Ihren pers\u00f6nlichen Zielplan einzutragen.<\/p>\n<p>H\u00e4tten Sie nicht auch Lust, <em>so<\/em> empfangen zu werden und f\u00fcr <em>so<\/em> eine Firma zu arbeiten?<\/p>\n<p>Diese Gedanken gingen mir nicht mehr aus dem Kopf und ich \u00fcberlegte mir, wie so ein B\u00fcchlein ausschauen w\u00fcrde, wenn ich wieder der Chef einer gro\u00dfen Firma w\u00e4re. Und hier ist das Ergebnis\u2026<\/p>\n<p>Ihr Peter P. van Melle<\/p>\n<p><strong>Preis \u20ac 9,50 inkl. MwSt.<\/strong><\/p>\n<p><strong>Jetzt im Buchhandlung oder Amazon erh\u00e4ltlich unter : ISBN: 978-3-8448-1765-2<\/strong><\/p>\n","protected":false},"excerpt":{"rendered":"<p>Was w\u00e4re wenn? Was w\u00e4re, wenn Sie sich erfolgreich bei einer Firma bewerben und Sie ein kleines Buch in die Hand bekommen mit der Bitte es auch sorgf\u00e4ltig durchzulesen. Darauf steht: Herzlich willkommen im Team\u2026? Vermutlich werden Sie denken: \u201eOh &hellip; <a href=\"https:\/\/www.mykessel.com\/blog\/?page_id=134\">Weiterlesen <span class=\"meta-nav\">&rarr;<\/span><\/a><\/p>\n","protected":false},"author":54,"featured_media":22,"parent":1040,"menu_order":10,"comment_status":"open","ping_status":"closed","template":"","meta":{"footnotes":""},"_links":{"self":[{"href":"https:\/\/www.mykessel.com\/blog\/index.php?rest_route=\/wp\/v2\/pages\/134"}],"collection":[{"href":"https:\/\/www.mykessel.com\/blog\/index.php?rest_route=\/wp\/v2\/pages"}],"about":[{"href":"https:\/\/www.mykessel.com\/blog\/index.php?rest_route=\/wp\/v2\/types\/page"}],"author":[{"embeddable":true,"href":"https:\/\/www.mykessel.com\/blog\/index.php?rest_route=\/wp\/v2\/users\/54"}],"replies":[{"embeddable":true,"href":"https:\/\/www.mykessel.com\/blog\/index.php?rest_route=%2Fwp%2Fv2%2Fcomments&post=134"}],"version-history":[{"count":15,"href":"https:\/\/www.mykessel.com\/blog\/index.php?rest_route=\/wp\/v2\/pages\/134\/revisions"}],"predecessor-version":[{"id":208,"href":"https:\/\/www.mykessel.com\/blog\/index.php?rest_route=\/wp\/v2\/pages\/134\/revisions\/208"}],"up":[{"embeddable":true,"href":"https:\/\/www.mykessel.com\/blog\/index.php?rest_route=\/wp\/v2\/pages\/1040"}],"wp:featuredmedia":[{"embeddable":true,"href":"https:\/\/www.mykessel.com\/blog\/index.php?rest_route=\/wp\/v2\/media\/22"}],"wp:attachment":[{"href":"https:\/\/www.mykessel.com\/blog\/index.php?rest_route=%2Fwp%2Fv2%2Fmedia&parent=134"}],"curies":[{"name":"wp","href":"https:\/\/api.w.org\/{rel}","templated":true}]}}