      
            
      {"id":1333,"date":"2013-01-28T14:48:13","date_gmt":"2013-01-28T13:48:13","guid":{"rendered":"http:\/\/www.mykessel.com\/blog\/?page_id=1333"},"modified":"2019-05-14T13:55:50","modified_gmt":"2019-05-14T12:55:50","slug":"partnerprogramm","status":"publish","type":"page","link":"https:\/\/www.mykessel.com\/blog\/?page_id=1333","title":{"rendered":"Partnerprogramm"},"content":{"rendered":"<p><strong>Pemcon sucht Auditoren!<\/strong><\/p>\n<p>Die Gemeinschaftsverpflegung braucht Sie:<\/p>\n<ul>\n<li>Ausbildung als Koch\/K\u00f6chin, Di\u00e4tologIn\/Di\u00e4tassistentIn oder \u00d6kotrophologIn<\/li>\n<li>Mindestens drei Jahre Erfahrung in einer F\u00fchrungsposition<\/li>\n<li>Analytisches Denken<\/li>\n<li>Gute rhetorische F\u00e4higkeiten<\/li>\n<li>Perfekte HACCP-Kenntnisse<\/li>\n<li>Perfektes Deutsch in Wort und Schrift, Englisch-Kenntnisse von Vorteil<\/li>\n<li>Innovation und Kreativit\u00e4t<\/li>\n<li>Selbstst\u00e4ndiges Arbeiten<\/li>\n<li>Gute EDV Kenntnisse &#8211; Excel, Word, Powerpoint, etc.<\/li>\n<li>Sie lieben was Sie tun und sehen in den Mitarbeitern immer nur das Beste<\/li>\n<\/ul>\n<p>Wir richten uns an selbst\u00e4ndige Unternehmensberater, Coaches und Qualit\u00e4tsbeauftragte oder F\u00fchrungskr\u00e4fte (Betriebsleiter, K\u00fcchenchefs) aus der Gemeinschaftsverpflegung, oder die sich selbstst\u00e4ndig machen wollen oder nebenbei etwas dazu verdienen m\u00f6chten.<\/p>\n<p>Als Auditor sind f\u00fcr die Zertifizierung nach der Kessel-Methode<strong><sup>\u00ae<\/sup><\/strong> von Gro\u00dfk\u00fcchen verantwortlich.<\/p>\n<p>Ebenso wie f\u00fcr den Aufbau Ihres eigenen Kundenstocks und dessen Betreuung.<\/p>\n<p>Die Voraussetzung, neben dem obigen Anforderungsprofil, ist die <a title=\"Der M&amp;M System-Lehrgang\" href=\"http:\/\/www.mykessel.com\/blog\/?page_id=297\">Absolvierung des Kessel-Lehrganges f\u00fcr externe oder interne Auditoren<\/a>, der mit einem Zertifikat abschlie\u00dft. Die Ausbildung umfasst\u00a0drei Tage Theorie und einem Praxisteil, bei dem Sie gemeinsam mit Peter van Melle (Erfinder der Kessel-Methode<strong><sup>\u00ae<\/sup><\/strong>) ein Betrieb zertifizieren. Nach erfolgreicher Ablegung der Pr\u00fcfung und Erhalt Ihrer Urkunde k\u00f6nnen Sie sofort loslegen.<\/p>\n<p>Was wir Ihnen bieten:<\/p>\n<ul>\n<li>Sie arbeiten mit der derzeit modernste Software auf dem Gebiet der Qualit\u00e4tssicherung: <strong>MyKessel<\/strong><strong><sup>\u00ae <\/sup>3.0<\/strong><\/li>\n<li>Sie lernen schnell und gezielt zu analysieren und zu pr\u00e4sentieren<\/li>\n<li>Sie sind Teil eines internationalen Netzwerks<\/li>\n<li>Sie haben die M\u00f6glichkeit regelm\u00e4\u00dfig Weiterbildungsangebote zu n\u00fctzen (empfohlen)<\/li>\n<\/ul>\n<p><strong><a title=\"M&amp;M System\" href=\"http:\/\/www.mykessel.com\/blog\/?page_id=524\">Das Qualit\u00e4ts-Managementsystem<\/a><sup>\u00ae <\/sup><\/strong>ist Bewertungs- Analyse- und Anerkennungssystem in Einem. Speziell entwickelt f\u00fcr die Gemeinschaftsverpflegung, beinhaltet das System alle Kriterien die f\u00fcr eine Gro\u00dfk\u00fcche wichtig sind. Sie hat als Ziel, s\u00e4mtliche Leistungen sichtbar zu machen, um so einen kontinuierlichen Verbesserungsprozess in Gang zu setzen. Die Zertifizierung durch unabh\u00e4ngige, akkreditierte Auditoren gew\u00e4hrleistet die Objektivit\u00e4t und garantiert einen fairen Vergleich. Die Auszeichnung mit Kesseln und Bl\u00e4ttern gilt als Orientierung f\u00fcr Ihre Kunden und Essensteilnehmer.<\/p>\n<div>\n<p><a title=\"MyKessel 3.0\" href=\"http:\/\/www.mykessel.com\/blog\/?page_id=223\"><strong>MyKessel<sup>\u00ae<\/sup> <em>3.0 &#8211; Software\u00a0 <\/em><\/strong><\/a>ist die Vorstufe zur Zertifizierung. Ein Programm, das f\u00fcr jeden leicht handzuhaben ist und mit dem Sie bereits im Vorfeld wissen, wie es um den Betrieb bestellt ist und wie im Falle einer Zertifizierung abgeschnitten wird. MyKessel<strong><sup>\u00ae<\/sup><\/strong> <em>3.0<\/em> ist das umfassendste Qualit\u00e4tssicherungsprogramm der Gemeinschaftsgastronomie, da es wertvolle Informationen zur Bestimmung der K\u00fcchen-Leistung liefert.<\/p>\n<blockquote><p>&#8222;Ich finde, dass ein pers\u00f6nlicher Besuch der Auditoren mehr\u00a0 Wertigkeit hat, als ein Computerprogramm!&#8220; Alexander Schedl, Betriebsleiter Mensa Linz<\/p><\/blockquote>\n<\/div>\n","protected":false},"excerpt":{"rendered":"<p>Pemcon sucht Auditoren! Die Gemeinschaftsverpflegung braucht Sie: Ausbildung als Koch\/K\u00f6chin, Di\u00e4tologIn\/Di\u00e4tassistentIn oder \u00d6kotrophologIn Mindestens drei Jahre Erfahrung in einer F\u00fchrungsposition Analytisches Denken Gute rhetorische F\u00e4higkeiten Perfekte HACCP-Kenntnisse Perfektes Deutsch in Wort und Schrift, Englisch-Kenntnisse von Vorteil Innovation und Kreativit\u00e4t Selbstst\u00e4ndiges &hellip; <a href=\"https:\/\/www.mykessel.com\/blog\/?page_id=1333\">Weiterlesen <span class=\"meta-nav\">&rarr;<\/span><\/a><\/p>\n","protected":false},"author":54,"featured_media":0,"parent":515,"menu_order":0,"comment_status":"open","ping_status":"closed","template":"","meta":{"footnotes":""},"_links":{"self":[{"href":"https:\/\/www.mykessel.com\/blog\/index.php?rest_route=\/wp\/v2\/pages\/1333"}],"collection":[{"href":"https:\/\/www.mykessel.com\/blog\/index.php?rest_route=\/wp\/v2\/pages"}],"about":[{"href":"https:\/\/www.mykessel.com\/blog\/index.php?rest_route=\/wp\/v2\/types\/page"}],"author":[{"embeddable":true,"href":"https:\/\/www.mykessel.com\/blog\/index.php?rest_route=\/wp\/v2\/users\/54"}],"replies":[{"embeddable":true,"href":"https:\/\/www.mykessel.com\/blog\/index.php?rest_route=%2Fwp%2Fv2%2Fcomments&post=1333"}],"version-history":[{"count":12,"href":"https:\/\/www.mykessel.com\/blog\/index.php?rest_route=\/wp\/v2\/pages\/1333\/revisions"}],"predecessor-version":[{"id":2921,"href":"https:\/\/www.mykessel.com\/blog\/index.php?rest_route=\/wp\/v2\/pages\/1333\/revisions\/2921"}],"up":[{"embeddable":true,"href":"https:\/\/www.mykessel.com\/blog\/index.php?rest_route=\/wp\/v2\/pages\/515"}],"wp:attachment":[{"href":"https:\/\/www.mykessel.com\/blog\/index.php?rest_route=%2Fwp%2Fv2%2Fmedia&parent=1333"}],"curies":[{"name":"wp","href":"https:\/\/api.w.org\/{rel}","templated":true}]}}