      
            
      {"id":130,"date":"2012-01-23T12:01:52","date_gmt":"2012-01-23T11:01:52","guid":{"rendered":"http:\/\/www.mykessel.com\/blog\/?page_id=130"},"modified":"2023-01-08T14:21:07","modified_gmt":"2023-01-08T13:21:07","slug":"seminar","status":"publish","type":"page","link":"https:\/\/www.mykessel.com\/blog\/?page_id=130","title":{"rendered":"Akademie"},"content":{"rendered":"<h2><span style=\"color: #003366;\"><strong><em>pemcon &#8211;\u00a0<\/em><\/strong> <\/span><span style=\"color: #800000;\"><strong><em><span style=\"color: #003366;\">Dienstleistungsangebot 2023<\/span> <\/em><\/strong><\/span><\/h2>\n<p><b><a href=\"http:\/\/www.mykessel.com\/blog\/wp-content\/uploads\/2012\/01\/Pemcon-Akademie.jpg\"><img loading=\"lazy\" decoding=\"async\" class=\"alignleft size-full wp-image-2231\" src=\"http:\/\/www.mykessel.com\/blog\/wp-content\/uploads\/2012\/01\/Pemcon-Akademie.jpg\" alt=\"Pemcon Akademie\" width=\"775\" height=\"638\" srcset=\"https:\/\/www.mykessel.com\/blog\/wp-content\/uploads\/2012\/01\/Pemcon-Akademie.jpg 775w, https:\/\/www.mykessel.com\/blog\/wp-content\/uploads\/2012\/01\/Pemcon-Akademie-300x246.jpg 300w\" sizes=\"(max-width: 775px) 100vw, 775px\" \/><\/a><\/b><\/p>\n<p><b>Immer<\/b> mehr Skandale, Korruptionen und Missst\u00e4nde werden aufgedeckt. Darauf folgt wieder der Ruf nach mehr Transparenz, mehr Ehrlichkeit und mehr Ethik. Das alte System funktioniert nicht mehr, obwohl noch viele daran festhalten wollen. Wir brauchen neue Strukturen, neue Regeln und neue Absprachen. Wenn wir ehrlich sind und die Fakten am Tisch haben, dann \u201esieht sogar ein Blinder\u201c, dass wir mit \u20ac 2 oder \u20ac 3 am Tag niemanden wirklich vern\u00fcnftig ern\u00e4hren k\u00f6nnen. <b><i>Pemcon<\/i><\/b> bietet ma\u00dfgeschneiderte Systeml\u00f6sungen an (Qualit\u00e4tssteuerung), um Klarheit, Orientierung, Information und Kommunikation zu schaffen.<\/p>\n<p><b>Sind<\/b> diese neuen Systeme einmal installiert, geht es darum Management und Mitarbeiter weiter zu bilden, \u00c4ngste abzubauen und neue Impulse zu setzen. Es geht darum, die Mitarbeiter einzuladen, zu ermutigen und zu inspirieren, gemeinsam neue Wege zu gehen. Jeder Einzelne kann mit seinem Wissen dazu beitragen eine neue Betriebskultur zu schaffen.<\/p>\n<p><b>F\u00fcr 2023<\/b> hat <b><i>Pemcon<\/i><\/b> die erfolgreichsten Seminare zusammengestellt. Also ausschlie\u00dflich jene Seminare, die in der Vergangenheit den Mitarbeitern am meiste geholfen haben ihr wahres Potenzial zu entwickeln. Neu im Programm haben wir das Seminar \u201eVegetarisch\/Vegan\u201c, ein kulinarischer Ess-Trend, der sich in den n\u00e4chsten Jahren auch wegen der Schonung und besseren Verteilung der Bodenanbaufl\u00e4chen durchsetzen wird.<\/p>\n<p><b>Durch<\/b> den derzeit stattfindenden Bewusstseinswandel wird der Fokus wieder auf den Menschen, das Individuum, gelegt. Wir erkennen, dass der Mensch unsere wichtigste Ressource ist. Und was braucht der Mensch? Anerkennung, Lob, Herausforderungen, ein tolles Betriebsklima und einen gesunden K\u00f6rper!<\/p>\n<p><b>Ver\u00e4nderung<\/b> macht Angst, ist f\u00fcr ein Wachstum aber unerl\u00e4sslich. Ver\u00e4nderung braucht Mut. Raus aus der Bequemlichkeit, keine faule Kompromissen mehr. Wir wollen alle das Gleiche \u2013 nun, dann holen wir es uns!<\/p>\n<p><b>Das Zauberwort<\/b> hei\u00dft Eigenverantwortung. Eigenverantwortung f\u00fcr unsere Zukunft, unser Wohlbefinden und unser Gl\u00fccks. Das gilt f\u00fcr alle! Auch f\u00fcr den \u201ekleinen\u201c Koch im Pflege- und Altersheim. Wir sind die Sch\u00f6pfer unserer Zukunft.<\/p>\n<p><b>Rufen<\/b> Sie uns an und wir k\u00f6nnen gemeinsam einen auf Ihren Betrieb zugeschnittenen Schulungsplan 2023 erstellen. Wir freuen uns schon auf das Gespr\u00e4ch.<\/p>\n<p>Ps.: Ich wei\u00df wie ungeheuer frustrierend es ist, immer wieder zu h\u00f6ren: \u201c <i>Daf\u00fcr haben wir kein Geld, wir m\u00fcssen einsparen<\/i>\u201c. Aber geben Sie nicht auf, beharren Sie auf Ihrem Recht sich weiterzuentwickeln und sich als Mensch entfalten zu k\u00f6nnen.<\/p>\n<h2><strong><span style=\"color: #800000;\">Qualit\u00e4tssteuerung (strukturell)\u00a0\u00a0<\/span>\u00a0\u00a0\u00a0\u00a0\u00a0<\/strong><\/h2>\n<p><strong>F\u00fcr das Unternehmen:<\/strong><strong>\u00a0\u00a0\u00a0\u00a0<\/strong><\/p>\n<ul>\n<li><a title=\"Das Einsteiger Seminar\" href=\"http:\/\/www.mykessel.com\/blog\/?page_id=2145\">Das Einsteiger Seminar<br \/>\n<\/a>Eine einmalige Gelegenheit das ganze Team zu motivieren und auf eine gemeinsame Vision auszurichten.<\/li>\n<li><a href=\"http:\/\/www.mykessel.com\/blog\/?page_id=223\">MyKessel 3.0<\/a><br \/>\nQualit\u00e4tssicherungssoftware f\u00fcr Gro\u00dfk\u00fcchen.\u00a0Beinhaltet alle Kennzahlen, Benchmarks, Ziele, Bewertungen und vieles mehr. Ein GV-Barometer.<\/li>\n<li><a href=\"http:\/\/www.mykessel.com\/blog\/?page_id=812\">Qualit\u00e4ts-Check<\/a><br \/>\n1-Tag- Analyse Ihrer K\u00fcche.<\/li>\n<li><a href=\"http:\/\/www.mykessel.com\/blog\/?page_id=800\">Zertifizierung<\/a><br \/>\nAuditierung Ihrer K\u00fcche, inkl. Zertifikatsverleihung.<\/li>\n<li><a href=\"http:\/\/www.mykessel.com\/blog\/?page_id=710\">Premium \u2013Paket<\/a><br \/>\nRundum-Betreuung Ihrer K\u00fcchenmannschaft.<\/li>\n<li><a title=\"M&amp;M-Green\" href=\"http:\/\/www.mykessel.com\/blog\/?page_id=1267\">Go Green!<\/a><br \/>\nUmstellung auf eine nachhaltige Verpflegung.<\/li>\n<\/ul>\n<h2><span style=\"color: #800000;\"><strong>Akademie (individuell)<\/strong><\/span>\u00a0\u00a0\u00a0\u00a0<span style=\"color: #800000;\">\u00a0<\/span><\/h2>\n<p><strong>F\u00fcr das Management: <\/strong><strong>\u00a0\u00a0\u00a0\u00a0\u00a0\u00a0\u00a0\u00a0\u00a0\u00a0\u00a0\u00a0\u00a0\u00a0\u00a0 \u00a0\u00a0<\/strong><\/p>\n<ul>\n<li><a href=\"http:\/\/www.mykessel.com\/blog\/?page_id=297\">M&amp;M Lehrgang<\/a><br \/>\nAusbildung von Auditoren zur Qualit\u00e4tssicherung.<\/li>\n<li><a href=\"http:\/\/www.mykessel.com\/blog\/?page_id=976\">Supportive Leadership<\/a><br \/>\nDie Managementmethode der Zukunft. Ein Seminar f\u00fcr F\u00fchrungskr\u00e4fte.<\/li>\n<li><a href=\"http:\/\/www.mykessel.com\/blog\/?page_id=311\">Coaching<\/a><strong><br \/>\n<\/strong>Pers\u00f6nliche Unterst\u00fctzung und Begleitung auf Zeit.<\/li>\n<\/ul>\n<p><strong>F\u00fcr das Team:<\/strong><\/p>\n<ul>\n<li><a title=\"Innovation \u201cunplugged\u201d\" href=\"http:\/\/www.mykessel.com\/blog\/?page_id=1940\">Innovation &#8222;Unplugged&#8220;- no more rules<\/a><br \/>\nWie wird ein Unternehmen Innovativ? Wie werden Mitarbeiter Innovativ?<\/li>\n<li><a title=\"Verbundenheit &amp; Wachstum\" href=\"http:\/\/www.mykessel.com\/blog\/?page_id=1622\">Besser werden<\/a><br \/>\nEine Nachmittag mit Peter P. van Melle<\/li>\n<li><a href=\"http:\/\/www.mykessel.com\/blog\/?page_id=286\">HACCP<\/a><br \/>\nDie Geschichte von HACCP. Eine Aufkl\u00e4rung.<\/li>\n<li><a href=\"http:\/\/www.mykessel.com\/blog\/?page_id=1299\">Vegetarisch\/Vegan<\/a><br \/>\n<strong>Das<\/strong> Thema in der Gro\u00dfk\u00fcche. Verpassen Sie diesen Trend nicht.<\/li>\n<li><a href=\"http:\/\/www.mykessel.com\/blog\/?page_id=700\">Ern\u00e4hrungscoaching<\/a><br \/>\nGesunde Ern\u00e4hrung \u2013 in der Gro\u00dfk\u00fcche umsetzbar?<\/li>\n<\/ul>\n","protected":false},"excerpt":{"rendered":"<p>pemcon &#8211;\u00a0 Dienstleistungsangebot 2023 Immer mehr Skandale, Korruptionen und Missst\u00e4nde werden aufgedeckt. Darauf folgt wieder der Ruf nach mehr Transparenz, mehr Ehrlichkeit und mehr Ethik. Das alte System funktioniert nicht mehr, obwohl noch viele daran festhalten wollen. Wir brauchen neue &hellip; <a href=\"https:\/\/www.mykessel.com\/blog\/?page_id=130\">Weiterlesen <span class=\"meta-nav\">&rarr;<\/span><\/a><\/p>\n","protected":false},"author":54,"featured_media":0,"parent":0,"menu_order":6,"comment_status":"open","ping_status":"closed","template":"","meta":{"footnotes":""},"_links":{"self":[{"href":"https:\/\/www.mykessel.com\/blog\/index.php?rest_route=\/wp\/v2\/pages\/130"}],"collection":[{"href":"https:\/\/www.mykessel.com\/blog\/index.php?rest_route=\/wp\/v2\/pages"}],"about":[{"href":"https:\/\/www.mykessel.com\/blog\/index.php?rest_route=\/wp\/v2\/types\/page"}],"author":[{"embeddable":true,"href":"https:\/\/www.mykessel.com\/blog\/index.php?rest_route=\/wp\/v2\/users\/54"}],"replies":[{"embeddable":true,"href":"https:\/\/www.mykessel.com\/blog\/index.php?rest_route=%2Fwp%2Fv2%2Fcomments&post=130"}],"version-history":[{"count":62,"href":"https:\/\/www.mykessel.com\/blog\/index.php?rest_route=\/wp\/v2\/pages\/130\/revisions"}],"predecessor-version":[{"id":3188,"href":"https:\/\/www.mykessel.com\/blog\/index.php?rest_route=\/wp\/v2\/pages\/130\/revisions\/3188"}],"wp:attachment":[{"href":"https:\/\/www.mykessel.com\/blog\/index.php?rest_route=%2Fwp%2Fv2%2Fmedia&parent=130"}],"curies":[{"name":"wp","href":"https:\/\/api.w.org\/{rel}","templated":true}]}}