      
            
      {"id":1299,"date":"2012-12-14T14:20:36","date_gmt":"2012-12-14T13:20:36","guid":{"rendered":"http:\/\/www.mykessel.com\/blog\/?page_id=1299"},"modified":"2013-08-16T14:16:31","modified_gmt":"2013-08-16T13:16:31","slug":"trend-vegetarischvegan","status":"publish","type":"page","link":"https:\/\/www.mykessel.com\/blog\/?page_id=1299","title":{"rendered":"Trend &#8222;vegetarisch\/vegan&#8220;"},"content":{"rendered":"<p><a href=\"http:\/\/www.mykessel.com\/blog\/wp-content\/uploads\/2012\/12\/die-gesuendesten-lebensmittel-ia.jpg\"><img loading=\"lazy\" decoding=\"async\" class=\"alignleft size-medium wp-image-1867\" alt=\"die-gesuendesten-lebensmittel-ia\" src=\"http:\/\/www.mykessel.com\/blog\/wp-content\/uploads\/2012\/12\/die-gesuendesten-lebensmittel-ia-300x183.jpg\" width=\"300\" height=\"183\" srcset=\"https:\/\/www.mykessel.com\/blog\/wp-content\/uploads\/2012\/12\/die-gesuendesten-lebensmittel-ia-300x183.jpg 300w, https:\/\/www.mykessel.com\/blog\/wp-content\/uploads\/2012\/12\/die-gesuendesten-lebensmittel-ia.jpg 450w\" sizes=\"(max-width: 300px) 100vw, 300px\" \/><\/a>Was bringt eine Umstellung auf pflanzliches Essen? Was macht es mit dem K\u00f6rper? Welche Produkte kommen in Frage? Bekommt der K\u00f6rper damit alle notwendigen Vitamine und Mineralien? Wie kann eine vegetarische Ern\u00e4hrung vermarktet werden? Pro und Kontra?<\/p>\n<p>In diesem Seminar werden alle Fragen beantwortet, L\u00f6sungen und Rezepte pr\u00e4sentiert, sowie die pers\u00f6nliche, als auch die betriebliche Ern\u00e4hrung behandelt.<\/p>\n<p>Zwei Profis, selber schon lange schon vegan lebend, begleiten Sie durch dieses Seminar.<\/p>\n<p><a title=\"Barbara van Melle-J\u00e4ger\" href=\"http:\/\/www.mykessel.com\/blog\/?page_id=700\">Barbara van Melle-J\u00e4ger<\/a>, Di\u00e4tologin und Ern\u00e4hrungscoach f\u00fcr Gro\u00dfk\u00fcchen und<\/p>\n<p><a title=\"Kontakt\" href=\"http:\/\/www.mykessel.com\/blog\/?page_id=225\">Peter van Melle<\/a>, Koch und Unternehmensberater<\/p>\n<p>Dieses Halbtagsseminar findet statt ab 10 Personen.<\/p>\n<p>Preis auf Anfrage<\/p>\n<p>&nbsp;<\/p>\n","protected":false},"excerpt":{"rendered":"<p>Was bringt eine Umstellung auf pflanzliches Essen? Was macht es mit dem K\u00f6rper? Welche Produkte kommen in Frage? Bekommt der K\u00f6rper damit alle notwendigen Vitamine und Mineralien? Wie kann eine vegetarische Ern\u00e4hrung vermarktet werden? Pro und Kontra? In diesem Seminar &hellip; <a href=\"https:\/\/www.mykessel.com\/blog\/?page_id=1299\">Weiterlesen <span class=\"meta-nav\">&rarr;<\/span><\/a><\/p>\n","protected":false},"author":54,"featured_media":0,"parent":130,"menu_order":7,"comment_status":"open","ping_status":"closed","template":"","meta":{"footnotes":""},"_links":{"self":[{"href":"https:\/\/www.mykessel.com\/blog\/index.php?rest_route=\/wp\/v2\/pages\/1299"}],"collection":[{"href":"https:\/\/www.mykessel.com\/blog\/index.php?rest_route=\/wp\/v2\/pages"}],"about":[{"href":"https:\/\/www.mykessel.com\/blog\/index.php?rest_route=\/wp\/v2\/types\/page"}],"author":[{"embeddable":true,"href":"https:\/\/www.mykessel.com\/blog\/index.php?rest_route=\/wp\/v2\/users\/54"}],"replies":[{"embeddable":true,"href":"https:\/\/www.mykessel.com\/blog\/index.php?rest_route=%2Fwp%2Fv2%2Fcomments&post=1299"}],"version-history":[{"count":6,"href":"https:\/\/www.mykessel.com\/blog\/index.php?rest_route=\/wp\/v2\/pages\/1299\/revisions"}],"predecessor-version":[{"id":1869,"href":"https:\/\/www.mykessel.com\/blog\/index.php?rest_route=\/wp\/v2\/pages\/1299\/revisions\/1869"}],"up":[{"embeddable":true,"href":"https:\/\/www.mykessel.com\/blog\/index.php?rest_route=\/wp\/v2\/pages\/130"}],"wp:attachment":[{"href":"https:\/\/www.mykessel.com\/blog\/index.php?rest_route=%2Fwp%2Fv2%2Fmedia&parent=1299"}],"curies":[{"name":"wp","href":"https:\/\/api.w.org\/{rel}","templated":true}]}}